{"id":2206,"date":"2020-04-11T00:09:27","date_gmt":"2020-04-11T00:09:27","guid":{"rendered":"https:\/\/leopoldoalandete.com\/?page_id=2206"},"modified":"2025-02-03T22:35:07","modified_gmt":"2025-02-03T22:35:07","slug":"proteccion-de-datos","status":"publish","type":"page","link":"https:\/\/leopoldoalandete.com\/en\/proteccion-de-datos\/","title":{"rendered":"Protecci\u00f3n de Datos"},"content":{"rendered":"<div data-elementor-type=\"wp-page\" data-elementor-id=\"2206\" class=\"elementor elementor-2206\" data-elementor-post-type=\"page\">\n\t\t\t\t\t\t<section class=\"elementor-section elementor-top-section elementor-element elementor-element-2292aa7d elementor-section-boxed elementor-section-height-default elementor-section-height-default\" data-id=\"2292aa7d\" data-element_type=\"section\" data-e-type=\"section\" data-settings=\"{&quot;background_background&quot;:&quot;classic&quot;}\">\n\t\t\t\t\t\t<div class=\"elementor-container elementor-column-gap-default\">\n\t\t\t\t\t<div class=\"elementor-column elementor-col-100 elementor-top-column elementor-element elementor-element-5f34a2e5\" data-id=\"5f34a2e5\" data-element_type=\"column\" data-e-type=\"column\">\n\t\t\t<div class=\"elementor-widget-wrap elementor-element-populated\">\n\t\t\t\t\t\t<div class=\"elementor-element elementor-element-6a7396f elementor-widget elementor-widget-heading\" data-id=\"6a7396f\" data-element_type=\"widget\" data-e-type=\"widget\" data-widget_type=\"heading.default\">\n\t\t\t\t<div class=\"elementor-widget-container\">\n\t\t\t\t\t<h2 class=\"elementor-heading-title elementor-size-default\">POL\u00cdTICA PRIVACIDAD<\/h2>\t\t\t\t<\/div>\n\t\t\t\t<\/div>\n\t\t\t\t<div class=\"elementor-element elementor-element-e6cda90 elementor-widget-divider--view-line elementor-widget elementor-widget-divider\" data-id=\"e6cda90\" data-element_type=\"widget\" data-e-type=\"widget\" data-widget_type=\"divider.default\">\n\t\t\t\t<div class=\"elementor-widget-container\">\n\t\t\t\t\t\t\t<div class=\"elementor-divider\">\n\t\t\t<span class=\"elementor-divider-separator\">\n\t\t\t\t\t\t<\/span>\n\t\t<\/div>\n\t\t\t\t\t\t<\/div>\n\t\t\t\t<\/div>\n\t\t\t\t<div class=\"elementor-element elementor-element-7a8b27b6 elementor-widget elementor-widget-text-editor\" data-id=\"7a8b27b6\" data-element_type=\"widget\" data-e-type=\"widget\" data-widget_type=\"text-editor.default\">\n\t\t\t\t<div class=\"elementor-widget-container\">\n\t\t\t\t\t\t\t\t\t<h6 style=\"font-weight: 400;\"><em>SE QUE ESTO ES UN ROLLO, A MI TAMBIEN ME LO PARECE&#8230;PERO EN FIN\u2026LA LEY<\/em><\/h6><p style=\"font-weight: 400;\">Esta pol\u00edtica que aparece a continuaci\u00f3n responde a todas las cuestiones acerca de c\u00f3mo se tratan y protege la informaci\u00f3n personal a todas las personas que se relacionan con HACK&amp;GROWTH \u00a0a trav\u00e9s de esta web.<\/p><p style=\"font-weight: 400;\">La web ha sido adaptada a lo dispuesto en el reglamento UE 2016\/679, del Parlamento Europeo y del Consejo del 27 de abril de 2016 (RGPD) y la Ley Org\u00e1nica 3\/2018, de 5 de diciembre, de Protecci\u00f3n de Datos Personales y garant\u00eda de derechos digitales.<\/p><p style=\"font-weight: 400;\">Te informo de que, mediante la aceptaci\u00f3n de esta Pol\u00edtica de Privacidad, prestas tu consentimiento informado, expreso e inequ\u00edvoco para que los Datos que proporcionas sean tratados por HACK&amp;GROWTH , como responsable del tratamiento y sobre los que se aplican las medidas de seguridad, t\u00e9cnicas y organizativas previstas en la normativa vigente.\u00a0<\/p><p style=\"font-weight: 400;\"><strong>\u00a0<\/strong><\/p><p style=\"font-weight: 400;\"><strong>RESPONSABLE DEL TRATAMIENTO DE TUS DATOS<\/strong> <strong>PERSONALES<\/strong><\/p><p style=\"font-weight: 400;\">DENOMINACI\u00d3N SOCIAL DE LA EMPRESA: HACK&amp;GROWTH<\/p><p style=\"font-weight: 400;\">NIF: B13797303<\/p><p style=\"font-weight: 400;\">DOMICILIO: c\/San Laureano 47A-49<\/p><p style=\"font-weight: 400;\">CORREO ELECTR\u00d3NICO: 550@leopoldoalandete.com<\/p><p style=\"font-weight: 400;\"><strong>\u00bfC\u00d3MO SE OBTIENEN TUS DATOS?<\/strong><\/p><p style=\"font-weight: 400;\">HACK &amp; GROWTH gestiona la web leopoldoalandete.com donde se suministra informaci\u00f3n sobre los servicios que presto como procesos de gesti\u00f3n estrat\u00e9gica de empresas, cambios de implementaci\u00f3n de acciones, charlas.<\/p><p style=\"font-weight: 400;\">Al usar este sitio web se entiende que (t\u00fa) has le\u00eddo, entendido y aceptado \u00edntegramente y sin reservas esta p\u00e1gina y dem\u00e1s avisos o instrucciones que figuran en este sitio web, comprometi\u00e9ndose a hacer un buen uso del mismo conforme a la ley, la moral y el orden p\u00fablico.\u00a0<\/p><p style=\"font-weight: 400;\">Nos reservamos el derecho de modificar en cualquier momento los t\u00e9rminos de este sitio web y dem\u00e1s avisos legales, por lo que si esto te preocupa, te recomendamos revisar esta informaci\u00f3n peri\u00f3dicamente.<\/p><p style=\"font-weight: 400;\">Los datos personales que trato se recaban:<\/p><ul style=\"font-weight: 400;\"><li>En el formulario de suscripci\u00f3n al blog.<\/li><\/ul><div>\u00a0<\/div><p style=\"font-weight: 400;\"><strong>Legitimaci\u00f3n para el tratamiento de tus datos<\/strong><\/p><p style=\"font-weight: 400;\">\u00bfTengo base legal para el tratamiento de tus datos?<\/p><p style=\"font-weight: 400;\">Claro.\u00a0<\/p><p style=\"font-weight: 400;\">Para contratar o suscribirse, se requiere el consentimiento previo con esta pol\u00edtica de privacidad, con lo cual la base legal para este tratamiento <strong>es tu permiso.<\/strong><\/p><p style=\"font-weight: 400;\">El tratamiento de tus datos personales relacionado con el mantenimiento de tu relaci\u00f3n con HACK &amp; GROWTH\u00a0est\u00e1 legitimado al resultar necesario para dar cumplimiento a las obligaciones contractuales derivadas de dicha relaci\u00f3n. Es decir, si me compras alg\u00fan contenido o formaci\u00f3n, la base legal es la relaci\u00f3n contractual entre ambos.<\/p><p style=\"font-weight: 400;\"><strong>Categor\u00eda de datos que se tratan en mi web<\/strong><\/p><p style=\"font-weight: 400;\">Las categor\u00edas de datos que se tratan cuando te suscribes a mi web son: Datos identificativos: nombre, direcci\u00f3n de correo electr\u00f3nico y los que puedas incluir en el cuerpo del mensaje o mediante documentos adjuntos para valorar propuestas.<\/p><p style=\"font-weight: 400;\">En el caso de comprar algunas de mis formaciones o contenidos en venta, te requiero datos fiscales o de facturaci\u00f3n completa para la realizaci\u00f3n de la factura y <u>domicilio para el env\u00edo de los contenidos en formato papel.\u00a0<\/u><\/p><p style=\"font-weight: 400;\"><u>\u00a0<\/u><\/p><p style=\"font-weight: 400;\">\u00bf<strong>Con qu\u00e9 finalidad se tratan tus datos personales?<\/strong><\/p><p style=\"font-weight: 400;\">En Leopoldoalandete.com existen diferentes sistemas de captura de informaci\u00f3n que facilitan voluntariamente los usuarios con diferentes finalidades, acorde con las indicadas en cada caso y que detallo a continuaci\u00f3n:<\/p><ul style=\"font-weight: 400;\"><li>Mandar correos diarios con la finalidad de promocionar cursos, membres\u00eda, libros y otros servicios de Leopoldo Alandete.<\/li><li>Mandar correos donde se comparten consejos sobre crecimiento exponencial.\u00a0<\/li><li>Publicar en su web algunos datos de car\u00e1cter personal (incluyendo su imagen personal o grabaciones sonoras) a trav\u00e9s de mi \u201csitio web\u201d y\/o perfiles corporativos en redes sociales y\/o a cualquier otro soporte corporativo.\u00a0<\/li><li>HACK &amp; GROWTH\u00a0puede, en caso de que el usuario deje su informaci\u00f3n personal en alguno de los sistemas de contacto, HACK &amp; GROWTH, puede utilizar esos datos para enviarle informaci\u00f3n sobre sus servicios en el caso de que esta sea requerida.\u00a0<\/li><\/ul><div>\u00a0<\/div><p style=\"font-weight: 400;\"><strong>Clientes:<\/strong><\/p><p style=\"font-weight: 400;\">Tratar\u00e9 los datos de mis clientes para cumplir con mis obligaciones fiscales, realizar facturaci\u00f3n, procesos de cobro y env\u00edo de mis formaciones en formato f\u00edsico.<\/p><p style=\"font-weight: 400;\">Tambi\u00e9n para cumplir con una obligaci\u00f3n legal que as\u00ed lo requiera, por ejemplo, para responder a un proceso legal o un requerimiento de una autoridad de control competente, como:<\/p><ul><li style=\"font-weight: 400;\">\u00a0 \u00a0 \u00a0 Proteger los derechos y la seguridad de nuestros Usuarios y terceros, as\u00ed como los nuestros.<\/li><li style=\"font-weight: 400;\">\u00a0 \u00a0 \u00a0 Cumplir con los requisitos legales, incluido el cumplimiento de \u00f3rdenes judiciales, solicitudes y otros mecanismos legales apropiados.<\/li><li style=\"font-weight: 400;\">\u00a0 \u00a0 \u00a0 Proporcionar informaci\u00f3n a representantes y asesores, incluidos abogados y asesores fiscales para ayudarnos a cumplir con los requisitos legales, fiscales o de seguridad.<\/li><li style=\"font-weight: 400;\">\u00a0 \u00a0 \u00a0 Para apoyar y mejorar los servicios que ofrece esta web.<\/li><li style=\"font-weight: 400;\">\u00a0 \u00a0 \u00a0 Tambi\u00e9n se recogen otros datos no identificativos que se obtienen mediante algunas cookies que se descargan en el ordenador del usuario cuando navega en esta web que detallo en la pol\u00edtica de cookies.<\/li><\/ul><div>\u00a0<\/div><p style=\"font-weight: 400;\"><strong>Otros servicios:<\/strong><\/p><p style=\"font-weight: 400;\">Ciertos servicios prestados a trav\u00e9s del sitio web y\/o a trav\u00e9s de los perfiles corporativos en redes sociales en los que tenga presencia HACK &amp; GROWTH\u00a0podr\u00edan contener <strong>condiciones particulares<\/strong> con cl\u00e1usulas espec\u00edficas de protecci\u00f3n de datos, como la venta de formaciones o informaci\u00f3n de nuestros productos. Es requisito indispensable su lectura y aceptaci\u00f3n con car\u00e1cter previo a su participaci\u00f3n, lo que se informar\u00e1 en cada momento.<\/p><p style=\"font-weight: 400;\"><strong>Seguidores<\/strong>:\u00a0<\/p><p style=\"font-weight: 400;\">\u00a0El tratamiento de los datos que se lleve a cabo de las personas que se hagan seguidores en las redes sociales de las p\u00e1ginas oficiales de HACK &amp; GROWTH, incluyendo fan page, se regir\u00e1 por este apartado, as\u00ed como por aquellas condiciones de uso, pol\u00edticas de privacidad y normativas de acceso que pertenezcan a la red social que proceda en cada caso y aceptadas previamente por el usuario. HACK &amp; GROWTH, tratar\u00e1 tus datos con las finalidades de administrar correctamente su presencia en la red social, informando de actividades, o servicios, as\u00ed como para cualquier otra finalidad que las normativas de las redes sociales permitan.\u00a0<\/p><p style=\"font-weight: 400;\"><strong>\u00bfCu\u00e1les son tus derechos cuando nos facilitas sus datos?<\/strong><\/p><p style=\"font-weight: 400;\">Cualquier persona tiene derecho a obtener confirmaci\u00f3n sobre si en HACK &amp; GROWTH, estamos tratando datos personales que le conciernen o no.<\/p><p style=\"font-weight: 400;\">Las personas interesadas tienen derecho a:<\/p><ul><li style=\"font-weight: 400;\">\u00a0 \u00a0 \u00a0 Solicitar el acceso a los datos personales relativos al interesado,<\/li><li style=\"font-weight: 400;\">\u00a0 \u00a0 \u00a0 Solicitar su rectificaci\u00f3n o supresi\u00f3n,<\/li><li style=\"font-weight: 400;\">\u00a0 \u00a0 \u00a0 Solicitar su cancelaci\u00f3n,<\/li><li style=\"font-weight: 400;\">\u00a0 \u00a0 \u00a0 Solicitar la limitaci\u00f3n de su tratamiento,<\/li><li style=\"font-weight: 400;\">\u00a0 \u00a0 \u00a0 Oponerse al tratamiento,<\/li><li style=\"font-weight: 400;\">\u00a0 \u00a0 \u00a0 Solicitar la portabilidad de los datos.<\/li><\/ul><p style=\"font-weight: 400;\">Los interesados podr\u00e1n <strong>acceder<\/strong> a sus datos personales, as\u00ed como a solicitar la <strong>rectificaci\u00f3n<\/strong> de los datos inexactos o, en su caso, solicitar su <strong>supresi\u00f3n<\/strong> cuando, entre otros motivos, los datos ya no sean necesarios para los fines que fueron recogidos. En determinadas circunstancias, los interesados podr\u00e1n solicitar la <strong>limitaci\u00f3n<\/strong> del tratamiento de sus datos, en cuyo caso \u00fanicamente los conservar\u00e9 para el ejercicio o la defensa de reclamaciones.<\/p><p style=\"font-weight: 400;\">En determinadas circunstancias y por motivos relacionados con su situaci\u00f3n particular, los interesados podr\u00e1n <strong>oponerse<\/strong> al tratamiento de sus datos por parte de HACK&amp; GROWTH, en ese momento, HACK &amp; GROWTH\u00a0, dejar\u00e1 de tratar los datos, salvo por motivos leg\u00edtimos imperiosos, o el ejercicio o la defensa de posibles reclamaciones. Como interesado\/a tienes derecho a recibir los datos personales que te incumban, que nos hayas facilitado y en un formato estructurado, de uso com\u00fan y lectura mec\u00e1nica, y a transmitirlos a otro responsable del tratamiento cuando:<\/p><ul><li style=\"font-weight: 400;\">\u00a0 \u00a0 \u00a0 El tratamiento est\u00e9 basado en el consentimiento<\/li><li style=\"font-weight: 400;\">\u00a0 \u00a0 \u00a0 Los datos hayan sido facilitados por la persona interesada.<\/li><li style=\"font-weight: 400;\">\u00a0 \u00a0 \u00a0 El tratamiento se efect\u00fae por medios automatizados.<\/li><\/ul><p style=\"font-weight: 400;\">Al ejercer tu derecho a la portabilidad de los datos, tendr\u00e1s derecho a que los datos personales se transmitan directamente de responsable a responsable cuando sea t\u00e9cnicamente posible.<\/p><p style=\"font-weight: 400;\">Los interesados tambi\u00e9n tendr\u00e1n derecho a la tutela judicial efectiva y a presentar una reclamaci\u00f3n ante la autoridad de control, en este caso, la Agencia Espa\u00f1ola de Protecci\u00f3n de Datos, si consideran que el tratamiento de datos personales que le conciernen infringe el Reglamento.<\/p><p style=\"font-weight: 400;\"><u>(Para ejercitar estos derechos hemos habilitado un formulario espec\u00edfico en leopoldoalandete.com)<\/u><\/p><p style=\"font-weight: 400;\"><u>\u00a0<\/u><\/p><p style=\"font-weight: 400;\"><strong>\u00bfPor cu\u00e1nto tiempo conservar\u00e9 tus datos?<\/strong><\/p><p style=\"font-weight: 400;\">Los datos tratados se mantendr\u00e1n en tanto no expiren los plazos legales establecidos para la conservaci\u00f3n de datos, si hubiera obligaci\u00f3n legal de mantenimiento, o de no existir ese plazo legal, hasta que el interesado solicite su supresi\u00f3n o revoque el consentimiento otorgado.<\/p><p style=\"font-weight: 400;\"><strong>Por tanto, los datos personales proporcionados se conservar\u00e1n:<\/strong><\/p><ul><li style=\"font-weight: 400;\">\u00a0 \u00a0 \u00a0 <strong>Clientes:<\/strong> Como regla general, los datos personales proporcionados por los clientes se conservar\u00e1n mientras exista un inter\u00e9s mutuo para mantener el fin del tratamiento, es decir mientras se mantenga la relaci\u00f3n-comercial\u00a0 con HACK &amp; GROWTH\u00a0 \u00a0y durante los plazos exigidos por la normativa aplicable; y\/o mientras no revoque el consentimiento prestado o solicite la cancelaci\u00f3n\/supresi\u00f3n de sus datos o la oposici\u00f3n al tratamiento, sin perjuicio de la conservaci\u00f3n que resultase necesaria para la formulaci\u00f3n, el ejercicio o la defensa de potenciales reclamaciones y\/o siempre que lo permitiese la legislaci\u00f3n aplicable.<\/li><li style=\"font-weight: 400;\">\u00a0 \u00a0 \u00a0 <strong>Datos de los suscriptores<\/strong> <strong>a mi lista de suscripci\u00f3n<\/strong>: desde que el usuario se suscribe hasta que se da de baja.<\/li><li style=\"font-weight: 400;\">\u00a0 \u00a0 \u00a0 <strong>Datos de usuarios\/interesados<\/strong> que me contacten mediante la web y\/o perfiles en redes sociales: desde que el usuario\/interesado y\/o su\/s representante\/s legal\/es presta su consentimiento hasta que lo retira.<\/li><li style=\"font-weight: 400;\">\u00a0 \u00a0 \u00a0 En otros casos, los datos ser\u00e1n tratados mientras el interesado y\/o su\/s representante\/s legal\/es, no revoque el consentimiento prestado o solicite la cancelaci\u00f3n\/supresi\u00f3n de los datos o la oposici\u00f3n al tratamiento.<\/li><li style=\"font-weight: 400;\">\u00a0<\/li><\/ul><p style=\"font-weight: 400;\"><strong>\u00bfA qu\u00e9 destinatarios se comunicar\u00e1n tus datos?<\/strong><\/p><p style=\"font-weight: 400;\">De acuerdo con los usos de la informaci\u00f3n personal, HACK &amp; GROWTH\u00a0puede comunicar tu informaci\u00f3n personal a destinatarios que le ayudan a promocionar o respaldar sus servicios (\u00abproveedores de servicios\u00bb).<\/p><p style=\"font-weight: 400;\">Todos los proveedores de servicios celebran un contrato con HACK &amp; GROWTH, que protege la informaci\u00f3n personal y restringe el uso de cualquier informaci\u00f3n personal conforme a esta pol\u00edtica.<\/p><p style=\"font-weight: 400;\">Para prestar servicios estrictamente necesarios para el desarrollo de la actividad, HACK &amp; GROWTH, comparte datos con los siguientes prestadores bajo sus correspondientes condiciones de privacidad:<\/p><p style=\"font-weight: 400;\">Proveedores de servicios externos (por ejemplo, servicios de procesamiento de tarjetas de cr\u00e9dito, gesti\u00f3n campa\u00f1as de marketing, gesti\u00f3n de sitios web distribuci\u00f3n de correo electr\u00f3nico, gestor\u00eda y otros proveedores de servicios similares) a fin de que estos puedan realizar funciones administrativas y promocionales en nombre de LEOPOLDO ALANDETE.<\/p><p style=\"font-weight: 400;\">ENTRE ELLOS:<\/p><ul><li style=\"font-weight: 400;\">\u00a0 \u00a0 \u00a0 <strong>Proveedor de distribuci\u00f3n de emails:<\/strong> Sendinblue. <u><a href=\"https:\/\/es.sendinblue.com\/legal\/termsofuse\/\">Link a su pol\u00edtica<\/a><\/u><\/li><\/ul><p style=\"font-weight: 400;\">LEOPOLDO ALANDETE , te comunica que podr\u00e1 realizar encargos de tratamientos a terceros tales como los servicios de almacenamiento en la nube, servicios SEO, anal\u00edtica, etc., Dichos encargos de tratamientos pueden requerir transferencias internacionales de datos, realiz\u00e1ndose las mismas siempre a pa\u00edses de la Uni\u00f3n Europea, escudo de privacidad de EEUU o que cuenten con un nivel adecuado de protecci\u00f3n de conformidad con la normativa vigente.<\/p><p style=\"font-weight: 400;\"><strong>\u00a0<\/strong><\/p><p style=\"font-weight: 400;\"><strong>Secreto y seguridad de los datos<\/strong><\/p><p style=\"font-weight: 400;\">LEOPOLDO ALANDETE se compromete en el uso y tratamiento de los datos incluidos personales de los usuarios, respetando su confidencialidad y a utilizarlos de acuerdo con la finalidad de este, as\u00ed como a dar cumplimiento a su obligaci\u00f3n de guardarlos y adaptar todas las medidas para evitar la alteraci\u00f3n, p\u00e9rdida, tratamiento o acceso no autorizado, de conformidad con lo establecido en la normativa vigente de protecci\u00f3n de datos.<\/p><p style=\"font-weight: 400;\">Esta web incluye un certificado SSL. Se trata de un protocolo de seguridad que hace que sus datos viajen de manera \u00edntegra y segura, es decir, la transmisi\u00f3n de los datos entre un servidor y usuario web, y en retroalimentaci\u00f3n, es totalmente cifrada o encriptada. Tambi\u00e9n incluye medidas Antispam, medidas frente a ataques y phishing.<\/p><p style=\"font-weight: 400;\">Con respecto a la confidencialidad del procesamiento, LEOPOLDO ALANDETE , se asegurar\u00e1 de que cualquier persona que est\u00e9 autorizada por para procesar los datos del cliente (incluido su personal, colaboradores y prestadores), estar\u00e1 bajo la obligaci\u00f3n apropiada de confidencialidad (ya sea un deber contractual o legal), habiendo recibido la formaci\u00f3n en protecci\u00f3n de datos que marca la legislaci\u00f3n vigente en protecci\u00f3n de datos.<\/p><p style=\"font-weight: 400;\">Si se presenta alg\u00fan incidente de seguridad, al darse cuenta LEOPOLDO ALANDETE , deber\u00e1 notificar al Cliente sin demoras indebidas y deber\u00e1 proporcionar informaci\u00f3n oportuna relacionada con el Incidente de Seguridad tal como se conozca o cuando el Cliente lo solicite razonablemente.<\/p><p style=\"font-weight: 400;\"><strong>Notificaci\u00f3n de seguridad y declaraci\u00f3n de brechas<\/strong><\/p><p style=\"font-weight: 400;\">LEOPOLDO ALANDETE, asume medidas razonables y apropiadas para proteger la informaci\u00f3n personal contra p\u00e9rdida, uso indebido y acceso no autorizado, divulgaci\u00f3n, alteraci\u00f3n y destrucci\u00f3n, teniendo en cuenta los riesgos que conlleva el procesamiento y la naturaleza de la informaci\u00f3n personal, no obstante, si LEOPOLDO ALANDETE ,\u00a0 determina que sus datos de servicios han sido malversados (incluso por un empleado de LEOPOLDO ALANDETE ) se han visto expuestos por una brecha de seguridad o adquiridos de forma incorrecta por un tercero, LEOPOLDO ALANDETE\u00a0 te informar\u00e1 de inmediato dicha brecha de seguridad, apropiaci\u00f3n o adquisici\u00f3n indebida.<\/p><p style=\"font-weight: 400;\"><strong>Navegaci\u00f3n<\/strong><\/p><p style=\"font-weight: 400;\">Al navegar por leopoldoalandete.com se pueden recoger datos no identificables, que pueden incluir, direcciones IP, ubicaci\u00f3n geogr\u00e1fica (aproximadamente), un registro de c\u00f3mo se utilizan los servicios y sitios, y otros datos que no pueden ser utilizados para identificar al usuario. Entre los datos no identificativos est\u00e1n tambi\u00e9n los relacionados a sus h\u00e1bitos de navegaci\u00f3n a trav\u00e9s de servicios de terceros. Esta web utiliza los siguientes servicios de an\u00e1lisis de terceros:<\/p><ul><li style=\"font-weight: 400;\">\u00a0 \u00a0 \u00a0 Analytic: Utilizo esta informaci\u00f3n para analizar tendencias, administrar el sitio, rastrear los movimientos de los usuarios alrededor del sitio y para recopilar informaci\u00f3n demogr\u00e1fica sobre nuestra base de usuarios en su conjunto. Todo ello con el objetivo de dar un servicio m\u00e1s completo a nuestros usuarios.<\/li><\/ul><div>\u00a0<\/div><p style=\"font-weight: 400;\"><strong>Exactitud y veracidad de los datos<\/strong><\/p><p style=\"font-weight: 400;\">Como usuario, eres el \u00fanico responsable de la veracidad y correcci\u00f3n de los datos que remitas a HACK &amp; GROWTH, exonerando a LEOPOLDO ALANDETE de cualquier responsabilidad al respecto.<\/p><p style=\"font-weight: 400;\">Los usuarios garantizan y responden, en cualquier caso, de la exactitud, vigencia y autenticidad de los datos personales facilitados, y se comprometen a mantenerlos debidamente actualizados. El usuario acepta proporcionar informaci\u00f3n completa y correcta en el formulario de contacto o suscripci\u00f3n.<\/p><p style=\"font-weight: 400;\"><strong>Cambios en la pol\u00edtica de privacidad<\/strong><\/p><p style=\"font-weight: 400;\">HACK &amp; GROWTH , se reserva el derecho a modificar la presente pol\u00edtica para adaptarla a novedades legislativas o jurisprudenciales, as\u00ed como a pr\u00e1cticas de la industria. En dichos supuestos, HACK &amp; GROWTH, anunciar\u00e1 en esta p\u00e1gina los cambios introducidos con razonable antelaci\u00f3n a su puesta en pr\u00e1ctica.<\/p><p style=\"font-weight: 400;\"><strong>Dudas y preguntas sobre esta pol\u00edtica\u00a0<\/strong><\/p><p style=\"font-weight: 400;\">Si tienes preguntas sobre esta pol\u00edtica o si tienes problemas de privacidad en relaci\u00f3n con el acceso o con la correcci\u00f3n de la informaci\u00f3n personal, puedes ponerte en contacto conmigo a trav\u00e9s de mi formulario de consultas o escribirme a la siguiente direcci\u00f3n:<\/p><p style=\"font-weight: 400;\">\u00a0(550@leopoldoalandete.com)\u00a0<\/p><p style=\"font-weight: 400;\">Aunque la mayor\u00eda de las preguntas y problemas relacionados con el acceso se pueden gestionar de forma r\u00e1pida, las solicitudes complejas pueden necesitar m\u00e1s investigaci\u00f3n y tiempo. En tales casos, los problemas se solucionar\u00e1n o bien se le informar\u00e1 en relaci\u00f3n con la naturaleza del problema y los siguientes pasos apropiados, en un plazo de treinta d\u00edas.<\/p><p style=\"font-weight: 400;\"><strong>Propiedad Intelectual<\/strong><\/p><p style=\"font-weight: 400;\">Est\u00e1 prohibido cualquier uso del contenido de este sitio web sin la autorizaci\u00f3n escrita de HACK &amp; GROWTH.<\/p>\t\t\t\t\t\t\t\t<\/div>\n\t\t\t\t<\/div>\n\t\t\t\t<div class=\"elementor-element elementor-element-e915f8a elementor-widget elementor-widget-spacer\" data-id=\"e915f8a\" data-element_type=\"widget\" data-e-type=\"widget\" data-widget_type=\"spacer.default\">\n\t\t\t\t<div class=\"elementor-widget-container\">\n\t\t\t\t\t\t\t<div class=\"elementor-spacer\">\n\t\t\t<div class=\"elementor-spacer-inner\"><\/div>\n\t\t<\/div>\n\t\t\t\t\t\t<\/div>\n\t\t\t\t<\/div>\n\t\t\t\t<div class=\"elementor-element elementor-element-473f4f3 elementor-widget elementor-widget-text-editor\" data-id=\"473f4f3\" data-element_type=\"widget\" data-e-type=\"widget\" data-widget_type=\"text-editor.default\">\n\t\t\t\t<div class=\"elementor-widget-container\">\n\t\t\t\t\t\t\t\t\t<h2 style=\"font-family: Montserrat, sans-serif; color: #d7d7d9; font-size: 14px; text-transform: capitalize; text-align: center;\" data-elementor-setting-key=\"title\" data-pen-placeholder=\"Teclea aqu\u00ed...\"><span style=\"color: #000000;\">\u24b8\u00a0<span style=\"font-family: Helvetica, sans-serif; font-size: 16px;\">2020 &#8211; Leopoldo Alandete. Todos Los Derechos Reservados.<\/span><\/span><\/h2>\t\t\t\t\t\t\t\t<\/div>\n\t\t\t\t<\/div>\n\t\t\t\t\t<\/div>\n\t\t<\/div>\n\t\t\t\t\t<\/div>\n\t\t<\/section>\n\t\t\t\t<\/div>","protected":false},"excerpt":{"rendered":"<p>POL\u00cdTICA PRIVACIDAD SE QUE ESTO ES UN ROLLO, A MI TAMBIEN ME LO PARECE&#8230;PERO EN FIN\u2026LA LEY Esta pol\u00edtica que aparece a continuaci\u00f3n responde a todas las cuestiones acerca de c\u00f3mo se tratan y protege la informaci\u00f3n personal a todas las personas que se relacionan con HACK&amp;GROWTH \u00a0a trav\u00e9s de esta web. La web ha [&hellip;]<\/p>\n","protected":false},"author":1,"featured_media":0,"parent":0,"menu_order":0,"comment_status":"closed","ping_status":"closed","template":"elementor_header_footer","meta":{"footnotes":""},"class_list":["post-2206","page","type-page","status-publish","hentry"],"_links":{"self":[{"href":"https:\/\/leopoldoalandete.com\/en\/wp-json\/wp\/v2\/pages\/2206","targetHints":{"allow":["GET"]}}],"collection":[{"href":"https:\/\/leopoldoalandete.com\/en\/wp-json\/wp\/v2\/pages"}],"about":[{"href":"https:\/\/leopoldoalandete.com\/en\/wp-json\/wp\/v2\/types\/page"}],"author":[{"embeddable":true,"href":"https:\/\/leopoldoalandete.com\/en\/wp-json\/wp\/v2\/users\/1"}],"replies":[{"embeddable":true,"href":"https:\/\/leopoldoalandete.com\/en\/wp-json\/wp\/v2\/comments?post=2206"}],"version-history":[{"count":44,"href":"https:\/\/leopoldoalandete.com\/en\/wp-json\/wp\/v2\/pages\/2206\/revisions"}],"predecessor-version":[{"id":12079,"href":"https:\/\/leopoldoalandete.com\/en\/wp-json\/wp\/v2\/pages\/2206\/revisions\/12079"}],"wp:attachment":[{"href":"https:\/\/leopoldoalandete.com\/en\/wp-json\/wp\/v2\/media?parent=2206"}],"curies":[{"name":"wp","href":"https:\/\/api.w.org\/{rel}","templated":true}]}}