{"id":2459,"date":"2020-04-17T15:05:38","date_gmt":"2020-04-17T15:05:38","guid":{"rendered":"https:\/\/leopoldoalandete.com\/?page_id=2459"},"modified":"2020-08-13T15:36:29","modified_gmt":"2020-08-13T15:36:29","slug":"sobre-leopoldo","status":"publish","type":"page","link":"https:\/\/leopoldoalandete.com\/en\/sobre-leopoldo\/","title":{"rendered":"Mi historia"},"content":{"rendered":"<div data-elementor-type=\"wp-page\" data-elementor-id=\"2459\" class=\"elementor elementor-2459\" data-elementor-post-type=\"page\">\n\t\t\t\t\t\t<section class=\"elementor-section elementor-top-section elementor-element elementor-element-7f44bc9a elementor-section-height-min-height elementor-section-boxed elementor-section-height-default elementor-section-items-middle\" data-id=\"7f44bc9a\" data-element_type=\"section\" data-e-type=\"section\" data-settings=\"{&quot;background_background&quot;:&quot;classic&quot;}\">\n\t\t\t\t\t\t\t<div class=\"elementor-background-overlay\"><\/div>\n\t\t\t\t\t\t\t<div class=\"elementor-container elementor-column-gap-default\">\n\t\t\t\t\t<div class=\"elementor-column elementor-col-100 elementor-top-column elementor-element elementor-element-12e8f176\" data-id=\"12e8f176\" data-element_type=\"column\" data-e-type=\"column\">\n\t\t\t<div class=\"elementor-widget-wrap elementor-element-populated\">\n\t\t\t\t\t\t<div class=\"elementor-element elementor-element-3357661c elementor-widget elementor-widget-heading\" data-id=\"3357661c\" data-element_type=\"widget\" data-e-type=\"widget\" data-widget_type=\"heading.default\">\n\t\t\t\t<div class=\"elementor-widget-container\">\n\t\t\t\t\t<h2 class=\"elementor-heading-title elementor-size-default\">Sobre Leopoldo<\/h2>\t\t\t\t<\/div>\n\t\t\t\t<\/div>\n\t\t\t\t<div class=\"elementor-element elementor-element-496aa978 elementor-widget elementor-widget-heading\" data-id=\"496aa978\" data-element_type=\"widget\" data-e-type=\"widget\" data-widget_type=\"heading.default\">\n\t\t\t\t<div class=\"elementor-widget-container\">\n\t\t\t\t\t<h2 class=\"elementor-heading-title elementor-size-default\">TE AYUDO A desaprender para aprender, cambiar tu mindset, romper paradigmas y creencias limitantes, abrir tu mente y alcanzar tu m\u00e1ximo potencial.<\/h2>\t\t\t\t<\/div>\n\t\t\t\t<\/div>\n\t\t\t\t\t<\/div>\n\t\t<\/div>\n\t\t\t\t\t<\/div>\n\t\t<\/section>\n\t\t\t\t<section class=\"elementor-section elementor-top-section elementor-element elementor-element-44accd1d elementor-section-stretched elementor-section-boxed elementor-section-height-default elementor-section-height-default\" data-id=\"44accd1d\" data-element_type=\"section\" data-e-type=\"section\" data-settings=\"{&quot;stretch_section&quot;:&quot;section-stretched&quot;,&quot;background_background&quot;:&quot;classic&quot;}\">\n\t\t\t\t\t\t<div class=\"elementor-container elementor-column-gap-default\">\n\t\t\t\t\t<div class=\"elementor-column elementor-col-100 elementor-top-column elementor-element elementor-element-3658a572\" data-id=\"3658a572\" data-element_type=\"column\" data-e-type=\"column\">\n\t\t\t<div class=\"elementor-widget-wrap elementor-element-populated\">\n\t\t\t\t\t\t<div class=\"elementor-element elementor-element-170a45c1 elementor-widget elementor-widget-heading\" data-id=\"170a45c1\" data-element_type=\"widget\" data-e-type=\"widget\" data-widget_type=\"heading.default\">\n\t\t\t\t<div class=\"elementor-widget-container\">\n\t\t\t\t\t<h5 class=\"elementor-heading-title elementor-size-default\">CON LEOPOLDO APRENDER ES PAN COMIDO.<\/h5>\t\t\t\t<\/div>\n\t\t\t\t<\/div>\n\t\t\t\t\t<\/div>\n\t\t<\/div>\n\t\t\t\t\t<\/div>\n\t\t<\/section>\n\t\t\t\t<section class=\"elementor-section elementor-top-section elementor-element elementor-element-1eed6050 elementor-section-boxed elementor-section-height-default elementor-section-height-default\" data-id=\"1eed6050\" data-element_type=\"section\" data-e-type=\"section\">\n\t\t\t\t\t\t<div class=\"elementor-container elementor-column-gap-default\">\n\t\t\t\t\t<div class=\"elementor-column elementor-col-100 elementor-top-column elementor-element elementor-element-64b7d86b\" data-id=\"64b7d86b\" data-element_type=\"column\" data-e-type=\"column\">\n\t\t\t<div class=\"elementor-widget-wrap elementor-element-populated\">\n\t\t\t\t\t\t<div class=\"elementor-element elementor-element-69ed9e67 elementor-widget elementor-widget-text-editor\" data-id=\"69ed9e67\" data-element_type=\"widget\" data-e-type=\"widget\" data-widget_type=\"text-editor.default\">\n\t\t\t\t<div class=\"elementor-widget-container\">\n\t\t\t\t\t\t\t\t\t<p><span style=\"color: #75e4ac;\"><strong>TE AYUDO A<\/strong><\/span> desaprender para aprender, cambiar tu mindset, romper paradigmas y creencias limitantes, abrir tu mente y alcanzar tu m\u00e1ximo potencial.<\/p><p><span style=\"color: #75e4ac;\"><strong>SOY<\/strong><\/span> un aprendiz empedernido que disfruta ayudando a personas, empresas y organizaciones a reinventarse y obtener lo mejor de s\u00ed mismos de forma pr\u00e1ctica, f\u00e1cil y sencilla.<\/p><p><span style=\"color: #75e4ac;\"><strong>DICEN QUE SOY EXPERTO EN<\/strong><\/span> Reinvenci\u00f3n y Desarrollo Personal, Habilidades Directivas y Neurociencia aplicada al \u00e1rea comercial. Creo que no s\u00e9 nada, porque hay tanto por aprender\u2026<\/p><p><span style=\"color: #75e4ac;\"><strong>CUANTO TIEMPO LLEVO<\/strong><\/span>. Ya ni me acuerdo, profesionalmente 30 a\u00f1os. \u00a1Una locura!. En realidad m\u00e1s, porque empec\u00e9 a interesarme por estos temas desde ni\u00f1o. Mis padres me dec\u00edan, \u00bfhijo por qu\u00e9 estudias tanto?, y yo les respond\u00eda, porque disfruto aprendiendo.<\/p><p><span style=\"color: #75e4ac;\"><strong>HE ENTRENADO A<\/strong><\/span> 13.000 profesionales en 7 pa\u00edses. 12.000 horas en conferencias, clases y talleres. 120 clientes empresa, entre otros: Motorola, Sacyr, Ferrovial, Sice, Banco Indosuez, Mapfre, DHL y Kantar.<\/p><p><span style=\"color: #75e4ac;\"><strong>APRENDO EN ICADE<\/strong><\/span> Licenciado en Derecho y Ciencias Econ\u00f3micas y Empresariales ICADE E-3. IESE PDD. Harvard Business School. Programa para Empresarios OPM. HEC Executive MBA (Centre de Perfectionnement Aux Affaires). Silva Mind Control. Programa de Desarrollo de las Capacidades Mentales.<\/p><p><span style=\"color: #75e4ac;\"><strong>APRENDO DE<\/strong><\/span> expertos como Tony Robbins, Dean Graziosi, Dale Carnegie, Estanislao Bachrach, Dan Lok, Grant Cardone, Simon Sinek, William Ury, Roger Fisher, Richard Branson y Juan Antonio Vallejo N\u00e1gera, entre otros muchos. Aprendo todo lo que puedo y de todos los que puedo.<\/p><p><span style=\"color: #75e4ac;\"><strong>ENSE\u00d1O DE FORMA INNOVADORA Y APASIONADA EN<\/strong><\/span> programas de posgrado en 15 Universidades y Business Schools, Asociaciones y Colegios Profesionales. ESIC, ICADE, Univ. Polit\u00e9cnica de Catalu\u00f1a, ENAE, Asociaci\u00f3n Profesional de ICADE, Colegio de Ingenieros de Caminos, Colegio de Ingenieros Industriales, Univ. de Chile, Univ Federico Santamar\u00eda\u2026<\/p><p><span style=\"color: #75e4ac;\"><strong>ESCRIBO EN<\/strong><\/span> revistas especializadas de gesti\u00f3n como Manager Focus, Harvard Deusto Business Review y Harvard Deusto Marketing Ventas.<\/p>\t\t\t\t\t\t\t\t<\/div>\n\t\t\t\t<\/div>\n\t\t\t\t\t<\/div>\n\t\t<\/div>\n\t\t\t\t\t<\/div>\n\t\t<\/section>\n\t\t\t\t<\/div>","protected":false},"excerpt":{"rendered":"<p>Sobre Leopoldo TE AYUDO A desaprender para aprender, cambiar tu mindset, romper paradigmas y creencias limitantes, abrir tu mente y alcanzar tu m\u00e1ximo potencial. CON LEOPOLDO APRENDER ES PAN COMIDO. TE AYUDO A desaprender para aprender, cambiar tu mindset, romper paradigmas y creencias limitantes, abrir tu mente y alcanzar tu m\u00e1ximo potencial. SOY un aprendiz [&hellip;]<\/p>\n","protected":false},"author":1,"featured_media":0,"parent":0,"menu_order":0,"comment_status":"closed","ping_status":"closed","template":"elementor_header_footer","meta":{"footnotes":""},"class_list":["post-2459","page","type-page","status-publish","hentry"],"_links":{"self":[{"href":"https:\/\/leopoldoalandete.com\/en\/wp-json\/wp\/v2\/pages\/2459","targetHints":{"allow":["GET"]}}],"collection":[{"href":"https:\/\/leopoldoalandete.com\/en\/wp-json\/wp\/v2\/pages"}],"about":[{"href":"https:\/\/leopoldoalandete.com\/en\/wp-json\/wp\/v2\/types\/page"}],"author":[{"embeddable":true,"href":"https:\/\/leopoldoalandete.com\/en\/wp-json\/wp\/v2\/users\/1"}],"replies":[{"embeddable":true,"href":"https:\/\/leopoldoalandete.com\/en\/wp-json\/wp\/v2\/comments?post=2459"}],"version-history":[{"count":6,"href":"https:\/\/leopoldoalandete.com\/en\/wp-json\/wp\/v2\/pages\/2459\/revisions"}],"predecessor-version":[{"id":4002,"href":"https:\/\/leopoldoalandete.com\/en\/wp-json\/wp\/v2\/pages\/2459\/revisions\/4002"}],"wp:attachment":[{"href":"https:\/\/leopoldoalandete.com\/en\/wp-json\/wp\/v2\/media?parent=2459"}],"curies":[{"name":"wp","href":"https:\/\/api.w.org\/{rel}","templated":true}]}}