{"id":8034,"date":"2022-06-06T12:41:46","date_gmt":"2022-06-06T12:41:46","guid":{"rendered":"https:\/\/leopoldoalandete.com\/?page_id=8034"},"modified":"2022-06-06T15:59:34","modified_gmt":"2022-06-06T15:59:34","slug":"mi-razon-verdadera","status":"publish","type":"page","link":"https:\/\/leopoldoalandete.com\/en\/mi-razon-verdadera\/","title":{"rendered":"mi raz\u00f3n verdadera"},"content":{"rendered":"<div data-elementor-type=\"wp-page\" data-elementor-id=\"8034\" class=\"elementor elementor-8034\" data-elementor-post-type=\"page\">\n\t\t\t\t\t\t<section class=\"elementor-section elementor-top-section elementor-element elementor-element-a191bda elementor-section-boxed elementor-section-height-default elementor-section-height-default\" data-id=\"a191bda\" data-element_type=\"section\" data-e-type=\"section\" data-settings=\"{&quot;background_background&quot;:&quot;gradient&quot;}\">\n\t\t\t\t\t\t<div class=\"elementor-container elementor-column-gap-default\">\n\t\t\t\t\t<div class=\"elementor-column elementor-col-50 elementor-top-column elementor-element elementor-element-9c4d353\" data-id=\"9c4d353\" data-element_type=\"column\" data-e-type=\"column\">\n\t\t\t<div class=\"elementor-widget-wrap elementor-element-populated\">\n\t\t\t\t\t\t<div class=\"elementor-element elementor-element-edbdacb elementor-widget elementor-widget-image\" data-id=\"edbdacb\" data-element_type=\"widget\" data-e-type=\"widget\" data-widget_type=\"image.default\">\n\t\t\t\t<div class=\"elementor-widget-container\">\n\t\t\t\t\t\t\t\t\t\t\t\t\t\t\t<img data-opt-id=1783592493  fetchpriority=\"high\" decoding=\"async\" width=\"800\" height=\"569\" src=\"https:\/\/mlughbexlpjs.i.optimole.com\/w:800\/h:569\/q:mauto\/f:best\/https:\/\/leopoldoalandete.com\/wp-content\/uploads\/2021\/06\/sin-titulo-2058-e1625010068476.png\" class=\"attachment-large size-large wp-image-7651\" alt=\"\" srcset=\"https:\/\/mlughbexlpjs.i.optimole.com\/w:1519\/h:1080\/q:mauto\/f:best\/https:\/\/leopoldoalandete.com\/wp-content\/uploads\/2021\/06\/sin-titulo-2058-e1625010068476.png 2304w, https:\/\/mlughbexlpjs.i.optimole.com\/w:300\/h:213\/q:mauto\/f:best\/https:\/\/leopoldoalandete.com\/wp-content\/uploads\/2021\/06\/sin-titulo-2058-e1625010068476.png 300w, https:\/\/mlughbexlpjs.i.optimole.com\/w:1024\/h:728\/q:mauto\/f:best\/https:\/\/leopoldoalandete.com\/wp-content\/uploads\/2021\/06\/sin-titulo-2058-e1625010068476.png 1024w, https:\/\/mlughbexlpjs.i.optimole.com\/w:768\/h:546\/q:mauto\/f:best\/https:\/\/leopoldoalandete.com\/wp-content\/uploads\/2021\/06\/sin-titulo-2058-e1625010068476.png 768w, https:\/\/mlughbexlpjs.i.optimole.com\/w:1519\/h:1080\/q:mauto\/f:best\/https:\/\/leopoldoalandete.com\/wp-content\/uploads\/2021\/06\/sin-titulo-2058-e1625010068476.png 1536w, https:\/\/mlughbexlpjs.i.optimole.com\/w:1519\/h:1080\/q:mauto\/f:best\/https:\/\/leopoldoalandete.com\/wp-content\/uploads\/2021\/06\/sin-titulo-2058-e1625010068476.png 2048w, https:\/\/mlughbexlpjs.i.optimole.com\/w:600\/h:427\/q:mauto\/f:best\/https:\/\/leopoldoalandete.com\/wp-content\/uploads\/2021\/06\/sin-titulo-2058-e1625010068476.png 600w\" sizes=\"(max-width: 800px) 100vw, 800px\" \/>\t\t\t\t\t\t\t\t\t\t\t\t\t\t\t<\/div>\n\t\t\t\t<\/div>\n\t\t\t\t\t<\/div>\n\t\t<\/div>\n\t\t\t\t<div class=\"elementor-column elementor-col-50 elementor-top-column elementor-element elementor-element-a37d594\" data-id=\"a37d594\" data-element_type=\"column\" data-e-type=\"column\">\n\t\t\t<div class=\"elementor-widget-wrap elementor-element-populated\">\n\t\t\t\t\t\t<div class=\"elementor-element elementor-element-3b391d1 elementor-widget elementor-widget-spacer\" data-id=\"3b391d1\" data-element_type=\"widget\" data-e-type=\"widget\" data-widget_type=\"spacer.default\">\n\t\t\t\t<div class=\"elementor-widget-container\">\n\t\t\t\t\t\t\t<div class=\"elementor-spacer\">\n\t\t\t<div class=\"elementor-spacer-inner\"><\/div>\n\t\t<\/div>\n\t\t\t\t\t\t<\/div>\n\t\t\t\t<\/div>\n\t\t\t\t<div class=\"elementor-element elementor-element-9e7d973 elementor-widget elementor-widget-heading\" data-id=\"9e7d973\" data-element_type=\"widget\" data-e-type=\"widget\" data-widget_type=\"heading.default\">\n\t\t\t\t<div class=\"elementor-widget-container\">\n\t\t\t\t\t<h2 class=\"elementor-heading-title elementor-size-default\">QUIERO AYUDARTE A GANAR DINERO.<br><\/h2>\t\t\t\t<\/div>\n\t\t\t\t<\/div>\n\t\t\t\t\t<\/div>\n\t\t<\/div>\n\t\t\t\t\t<\/div>\n\t\t<\/section>\n\t\t\t\t<section class=\"elementor-section elementor-top-section elementor-element elementor-element-ce760c2 elementor-section-boxed elementor-section-height-default elementor-section-height-default\" data-id=\"ce760c2\" data-element_type=\"section\" data-e-type=\"section\">\n\t\t\t\t\t\t<div class=\"elementor-container elementor-column-gap-default\">\n\t\t\t\t\t<div class=\"elementor-column elementor-col-100 elementor-top-column elementor-element elementor-element-a746523\" data-id=\"a746523\" data-element_type=\"column\" data-e-type=\"column\">\n\t\t\t<div class=\"elementor-widget-wrap elementor-element-populated\">\n\t\t\t\t\t\t<div class=\"elementor-element elementor-element-cf4e9be elementor-widget elementor-widget-heading\" data-id=\"cf4e9be\" data-element_type=\"widget\" data-e-type=\"widget\" data-widget_type=\"heading.default\">\n\t\t\t\t<div class=\"elementor-widget-container\">\n\t\t\t\t\t<h2 class=\"elementor-heading-title elementor-size-default\">LEOPOLDO ALANDETE <\/h2>\t\t\t\t<\/div>\n\t\t\t\t<\/div>\n\t\t\t\t<div class=\"elementor-element elementor-element-852bda3 elementor-widget elementor-widget-text-editor\" data-id=\"852bda3\" data-element_type=\"widget\" data-e-type=\"widget\" data-widget_type=\"text-editor.default\">\n\t\t\t\t<div class=\"elementor-widget-container\">\n\t\t\t\t\t\t\t\t\t<p style=\"padding-left: 40px; text-align: center;\">MI RAZON VERDADERA<\/p><p>\u00bfPor qu\u00e9 lo hago?<\/p><p>Porque <span style=\"color: #ff0000;\"><strong>me apasiona<\/strong><\/span> lo que hago,<br \/>y <span style=\"color: #ff0000;\"><strong>me gusta hacer crecer empresas, negocios y profesionales.<\/strong><\/span><\/p><p>No quiero cambiar el mundo,<br \/>Ni caminar sobre las aguas.<br \/>Ni tan siquiera que me des las gracias<\/p><p>Me mola lo que hago y como lo hago.<\/p><p>Me gusta mucho mucho,<strong><span style=\"color: #ff0000;\"> hackear el cerebro<\/span><\/strong> de empresas, equipos y profesionales<br \/>Me gusta que la gente me diga,<br \/>Pues que f\u00e1cil es y como diablos no lo hab\u00eda visto antes.<\/p><p>Punto<\/p><p>Como soy emprendedor, adem\u00e1s <strong><span style=\"color: #ff0000;\">quiero tu dinero<\/span><\/strong><br \/>y<br \/>el de toda la gente que me puedas mandar v\u00eda recomendaci\u00f3n<\/p><p>y t\u00fa,<\/p><p><strong><span style=\"color: #ff0000;\">Si quieres hacer crecer tu empresa<\/span><\/strong><\/p><p>o mejorar tus habilidades<\/p><p><span style=\"color: #ff0000;\"><strong>Quieres mis conocimientos<\/strong><\/span><br \/><strong><span style=\"color: #ff0000;\">Y necesitas aplicarlos para cambiar tus resultados<\/span><\/strong><br \/>Te voy a <strong>mandar emails del m\u00e1ximo valor<\/strong> e inter\u00e9s para ti.<\/p><p>Aqu\u00ed tienes tres argumentos para apuntarte<\/p><p>1.Vas a <strong><span style=\"color: #ff0000;\">aprender algo muy muy \u00fatil<\/span> <\/strong>y directamente <strong><span style=\"color: #ff0000;\">aplicable<\/span><\/strong> desde el principio.<\/p><p>Repito, aplicable desde el principio<\/p><p>Y no vas a tener que subir al Himalaya<\/p><p>Ni leer cientos de libros<\/p><p>Ni hacer m\u00e1s y m\u00e1s cursos, masters o programas<\/p><p>Ni convertirte en profe de universidades y Business Schools<\/p><p>Ni tener cientos de clientes<\/p><p>O miles de alumnos<\/p><p>Ni trabajar en diferentes pa\u00edses o continentes<\/p><p>O dar cientos de charlas<\/p><p>Eso ya lo he hecho yo por ti<\/p><p>Subir al Himalaya no,<\/p><p>el resto s\u00ed.<\/p><p>F\u00edjate:<\/p><p><strong><span style=\"color: #ff0000;\">Lees el mail<\/span><\/strong><br \/><span style=\"color: #ff0000;\"><strong>Lo aplicas<\/strong><\/span><br \/><span style=\"color: #ff0000;\"><strong>y obtienes resultados<\/strong><\/span><\/p><p>As\u00ed de f\u00e1cil<br \/>Ni m\u00e1s ni menos<\/p><p><strong><span style=\"color: #ff0000;\">2. Te vas a entretener<\/span><\/strong><\/p><p>Todos los d\u00edas te mando un mail que vas a leer volando<br \/>Te va a entretener<\/p><p>y<\/p><p><span style=\"color: #ff0000;\"><strong>Vas a desconectar<\/strong> <\/span>de tus preocupaciones diarias.<br \/>(y te vas a cuestionar cosas)<\/p><p><strong><span style=\"color: #ff0000;\">Como si tuvieras Netflix<\/span><\/strong><br \/>HBO<br \/>o Apple TV<\/p><p>Pero<span style=\"color: #ff0000;\"><strong> pagando cero patatero<\/strong><\/span><br \/>Repito cero patatero<\/p><p>S\u00f3lo por eso ya merece la pena.<\/p><p>3. Tienes <strong><span style=\"color: #ff0000;\">gratis a tu disposici\u00f3n mis 35 a\u00f1os de experiencia<\/span><\/strong><\/p><p>Con <span style=\"color: #ff0000;\"><strong>consejos<\/strong><\/span>, historias y tips.<\/p><p>Cero teor\u00eda<\/p><p>Que s\u00e9 que ya la conoces<\/p><p>Que s\u00e9 que no te interesa<\/p><p>Repito 35 a\u00f1os de experiencia<\/p><p>Ya me gustar\u00eda haber tenido yo esto<\/p><p>Y adem\u00e1s gratis<\/p><p>M\u00e1s f\u00e1cil que tomarte tu bebida favorita<\/p><p>Me llamo Leopoldo Alandete, cada d\u00eda mando un email con una idea para hacer crecer tu empresa, equipo o hacerte crecer profesionalmente.<\/p><p>Ya sabes, que vaya mejor tu empresa, equipo o que mejores profesionalmente.<\/p><p>Los emails que mando, incluyen ideas, conocimientos y experiencias que he aprendido en estos \u00faltimos 35 a\u00f1os de cientos de empresas y miles de profesionales.<\/p><p>Se los env\u00edo a solamente a mi lista de suscriptores.<\/p><p>Si est\u00e1s apuntado a la lista,<br \/>Tienes la idea de ese d\u00eda, sino te la pierdes.<br \/>As\u00ed de f\u00e1cil.<\/p><p>Jejeje,<\/p><p>Algunas empresas y profesionales como t\u00fa<\/p><p>Dicen que son ideas brutales que aplican inmediatamente.<br \/>Flipan al conseguir resultados que antes ni imaginaban.<br \/>Que les excitan<br \/>Que les hacen cuestionarse cosas<\/p><p>As\u00ed es la vida.<\/p><p>Si sabes como hacerlo lo consigues<br \/>Si no, no aunque trabajes m\u00e1s horas que un chino capuchino.<br \/>O hayas estudiado m\u00e1s<\/p><p>que un opositor a Notar\u00edas<br \/>o un profesor full time de Harvard<\/p><p>Mis alumnos y clientes dicen cosas como estas (PONER SOLO 3)<\/p><p>Se nota que es una persona con muchos a\u00f1os de experiencia profesional y con una mente diferente por haber vivido en otros pa\u00edses. Espero tenerte en un futuro en otro curso de formaci\u00f3n.<br \/>David Ortega<\/p><p>Totalmente enfocado en alcanzar los objetivos planteados con una muy buena metodolog\u00eda de trabajo.<br \/>Ignacio Barrios Behar<\/p><p>Fenomenal comunicador de ideas y genera inter\u00e9s e ilusi\u00f3n en todos los puntos que toca en sus clases <br \/>F\u00e9ix Orellana<\/p><p>Conozco a Leopoldo desde hace 20 a\u00f1os. Se encarg\u00f3 de ponernos las pilas transmiti\u00e9ndonos sus conocimientos, todav\u00eda hoy, me acuerdo de \u00e9l cuando tengo que recurrir a algunas de las cosas que nos ense\u00f1\u00f3. Y todo esto, siendo un gran tipo.<br \/>Joaquin Marco<\/p><p>M\u00e1s all\u00e1 de desempe\u00f1ar con creces su labor de profesor, Leopoldo es un maestro, aporta un valor a\u00f1adido \u00fanico y pr\u00e1cticamente inexistente. Se trata de un tallista del siglo XXI que perfilar\u00e1 tus habilidades, tanto \u00absoft\u00bb como \u00abhard\u00bb skills, ayud\u00e1ndote a perseguir tus metas y elevar tus capacidades <br \/>Jon Gracia<\/p><p>Su sistema de formaci\u00f3n y consultor\u00eda es absolutamente innovador.<br \/>Te ense\u00f1a a reaprender conocimientos desde perspectivas disruptivas y desde puntos de vista que hasta ese momento no te hubieras planteado.<br \/>Sin duda altamente recomendable.<br \/>Juan Luis Sierra<\/p><p>Ense\u00f1anza disruptiva con un aire muy muy fresco. He disfrutado un mont\u00f3n de sus clases y las recomiendo encarecidamente. Te hace cuestionarte, relajarte, motivarte, pensar desde otra dimensi\u00f3n. Un lujo en toda regla&#8230;.<br \/>Jose Antonio Rodiguez<\/p><p>Hay m\u00e1s comentarios<br \/>pero con esto ves por donde van los tiros.<\/p><p>\u00bfQu\u00e9, te gustar\u00eda conocer esas ideas y conseguir resultados?.<br \/>Escribes tu email aqu\u00ed abajo y te apuntas con un clic.<\/p><p>\u00bfQu\u00e9 cambias de opini\u00f3n?. Te borras con otro clic.<br \/>M\u00e1s f\u00e1cil que cerrar la nevera de tu casa<\/p><p>Si quieres hacer crecer tu empresa,<br \/>equipo o crecer tu profesionalmente,<br \/>te interesa.<br \/>Si no, no.<\/p><p>Ya sabes lo f\u00e1cil que es<\/p><p>Flechita de dedo<\/p><p>Aqu\u00ed es donde escribes tu email<\/p><p>X Marcando esto aceptas la pol\u00edtica de privacidad<\/p><p>Clic y te apuntas<\/p><p>Te dejo<br \/>Me voy a tomar una cerveza a tu salud<\/p><p>FAQ<br \/>Legal<\/p>\t\t\t\t\t\t\t\t<\/div>\n\t\t\t\t<\/div>\n\t\t\t\t\t<\/div>\n\t\t<\/div>\n\t\t\t\t\t<\/div>\n\t\t<\/section>\n\t\t\t\t<\/div>","protected":false},"excerpt":{"rendered":"<p>QUIERO AYUDARTE A GANAR DINERO. LEOPOLDO ALANDETE MI RAZON VERDADERA \u00bfPor qu\u00e9 lo hago? Porque me apasiona lo que hago,y me gusta hacer crecer empresas, negocios y profesionales. No quiero cambiar el mundo,Ni caminar sobre las aguas.Ni tan siquiera que me des las gracias Me mola lo que hago y como lo hago. Me gusta [&hellip;]<\/p>\n","protected":false},"author":1,"featured_media":0,"parent":0,"menu_order":0,"comment_status":"closed","ping_status":"closed","template":"","meta":{"footnotes":""},"class_list":["post-8034","page","type-page","status-publish","hentry"],"_links":{"self":[{"href":"https:\/\/leopoldoalandete.com\/en\/wp-json\/wp\/v2\/pages\/8034","targetHints":{"allow":["GET"]}}],"collection":[{"href":"https:\/\/leopoldoalandete.com\/en\/wp-json\/wp\/v2\/pages"}],"about":[{"href":"https:\/\/leopoldoalandete.com\/en\/wp-json\/wp\/v2\/types\/page"}],"author":[{"embeddable":true,"href":"https:\/\/leopoldoalandete.com\/en\/wp-json\/wp\/v2\/users\/1"}],"replies":[{"embeddable":true,"href":"https:\/\/leopoldoalandete.com\/en\/wp-json\/wp\/v2\/comments?post=8034"}],"version-history":[{"count":12,"href":"https:\/\/leopoldoalandete.com\/en\/wp-json\/wp\/v2\/pages\/8034\/revisions"}],"predecessor-version":[{"id":8047,"href":"https:\/\/leopoldoalandete.com\/en\/wp-json\/wp\/v2\/pages\/8034\/revisions\/8047"}],"wp:attachment":[{"href":"https:\/\/leopoldoalandete.com\/en\/wp-json\/wp\/v2\/media?parent=8034"}],"curies":[{"name":"wp","href":"https:\/\/api.w.org\/{rel}","templated":true}]}}