{"id":8709,"date":"2022-11-17T01:00:42","date_gmt":"2022-11-17T01:00:42","guid":{"rendered":"https:\/\/leopoldoalandete.com\/?page_id=8709"},"modified":"2023-01-13T20:16:27","modified_gmt":"2023-01-13T20:16:27","slug":"confirmacionsuscripcion","status":"publish","type":"page","link":"https:\/\/leopoldoalandete.com\/en\/confirmacionsuscripcion\/","title":{"rendered":"Confirma tu suscripci\u00f3n"},"content":{"rendered":"<div data-elementor-type=\"wp-page\" data-elementor-id=\"8709\" class=\"elementor elementor-8709\" data-elementor-post-type=\"page\">\n\t\t\t\t\t\t<section class=\"elementor-section elementor-top-section elementor-element elementor-element-9f77c2d elementor-section-full_width elementor-hidden-mobile elementor-section-height-default elementor-section-height-default\" data-id=\"9f77c2d\" data-element_type=\"section\" data-e-type=\"section\">\n\t\t\t\t\t\t<div class=\"elementor-container elementor-column-gap-default\">\n\t\t\t\t\t<div class=\"elementor-column elementor-col-100 elementor-top-column elementor-element elementor-element-90ad3bd\" data-id=\"90ad3bd\" data-element_type=\"column\" data-e-type=\"column\">\n\t\t\t<div class=\"elementor-widget-wrap elementor-element-populated\">\n\t\t\t\t\t\t<div class=\"elementor-element elementor-element-8fab496 elementor-widget elementor-widget-image\" data-id=\"8fab496\" data-element_type=\"widget\" data-e-type=\"widget\" data-widget_type=\"image.default\">\n\t\t\t\t<div class=\"elementor-widget-container\">\n\t\t\t\t\t\t\t\t\t\t\t\t\t\t\t<img data-opt-id=645216785  fetchpriority=\"high\" decoding=\"async\" width=\"800\" height=\"472\" src=\"https:\/\/mlughbexlpjs.i.optimole.com\/w:800\/h:472\/q:mauto\/f:best\/https:\/\/leopoldoalandete.com\/wp-content\/uploads\/2022\/06\/LA-LOGO-WHITE-copia.png\" class=\"attachment-large size-large wp-image-8602\" alt=\"\" srcset=\"https:\/\/mlughbexlpjs.i.optimole.com\/w:1830\/h:1080\/q:mauto\/f:best\/https:\/\/leopoldoalandete.com\/wp-content\/uploads\/2022\/06\/LA-LOGO-WHITE-copia.png 2000w, https:\/\/mlughbexlpjs.i.optimole.com\/w:300\/h:177\/q:mauto\/f:best\/https:\/\/leopoldoalandete.com\/wp-content\/uploads\/2022\/06\/LA-LOGO-WHITE-copia.png 300w, https:\/\/mlughbexlpjs.i.optimole.com\/w:1024\/h:604\/q:mauto\/f:best\/https:\/\/leopoldoalandete.com\/wp-content\/uploads\/2022\/06\/LA-LOGO-WHITE-copia.png 1024w, https:\/\/mlughbexlpjs.i.optimole.com\/w:768\/h:453\/q:mauto\/f:best\/https:\/\/leopoldoalandete.com\/wp-content\/uploads\/2022\/06\/LA-LOGO-WHITE-copia.png 768w, https:\/\/mlughbexlpjs.i.optimole.com\/w:1536\/h:906\/q:mauto\/f:best\/https:\/\/leopoldoalandete.com\/wp-content\/uploads\/2022\/06\/LA-LOGO-WHITE-copia.png 1536w, https:\/\/mlughbexlpjs.i.optimole.com\/w:600\/h:354\/q:mauto\/f:best\/https:\/\/leopoldoalandete.com\/wp-content\/uploads\/2022\/06\/LA-LOGO-WHITE-copia.png 600w\" sizes=\"(max-width: 800px) 100vw, 800px\" \/>\t\t\t\t\t\t\t\t\t\t\t\t\t\t\t<\/div>\n\t\t\t\t<\/div>\n\t\t\t\t<div class=\"elementor-element elementor-element-a0167a9 elementor-widget elementor-widget-heading\" data-id=\"a0167a9\" data-element_type=\"widget\" data-e-type=\"widget\" data-widget_type=\"heading.default\">\n\t\t\t\t<div class=\"elementor-widget-container\">\n\t\t\t\t\t<h4 class=\"elementor-heading-title elementor-size-default\">CONFIRMA TU SUSCRIPCI\u00d3N<\/h4>\t\t\t\t<\/div>\n\t\t\t\t<\/div>\n\t\t\t\t<div class=\"elementor-element elementor-element-5103452 elementor-widget elementor-widget-text-editor\" data-id=\"5103452\" data-element_type=\"widget\" data-e-type=\"widget\" data-widget_type=\"text-editor.default\">\n\t\t\t\t<div class=\"elementor-widget-container\">\n\t\t\t\t\t\t\t\t\t<p style=\"text-align: left;\">\u00a1Enhorabuena por suscribirte a mi lista de <strong>Crecimiento Exponencial de Directivos y Empresas !<\/strong><\/p>\n<p style=\"text-align: left;\"><strong>&nbsp;<\/strong><\/p>\n<p style=\"text-align: left;\">Ya solo queda que confirmes que eres t\u00fa el que se ha apuntado y no tu perro por equivocaci\u00f3n.<\/p>\n<p style=\"text-align: left;\">En unos minutos<b> vas a recibir un mail<\/b> y simplemente tienes que pulsar el bot\u00f3n para confirmar.<\/p>\n<h5 style=\"text-align: left;\">&nbsp;<\/h5>\n<h2 style=\"text-align: left;\">Si no recibes este correo\u2026<\/h2>\n<ul style=\"text-align: left;\">\n<li style=\"text-align: left;\">Revisa tu carpeta de <em>Spam<\/em>, <em>Social<\/em> y Promociones, si me encuentras ah\u00ed, no me pierdas y ll\u00e9vame a la bandeja de entrada.<\/li>\n<\/ul>\n<div style=\"text-align: left;\"><br><\/div>\n<ul style=\"text-align: left;\">\n<li style=\"text-align: left;\">Vuelve a apuntarte y revisa tu direcci\u00f3n de email. Podr\u00edas haberlo escrito mal.&nbsp;<span style=\"background-color: rgba(3, 2, 2, 0);\">Si, a veces pasa.<\/span><\/li>\n<\/ul>\n<div style=\"text-align: left;\"><br><\/div>\n<ul style=\"text-align: left;\">\n<li>Si todav\u00eda no lo has recibido, gu\u00e1rdame en la agenda contactos de tu gestor de correo. Nombre: 550 Grados, email: 550@leopoldoalandete.com y espera unos minutos.<\/li>\n<\/ul>\n<div style=\"text-align: left;\"><br><\/div>\n<ul style=\"text-align: left;\">\n<li>Si has usado el email corporativo, quiz\u00e1s es cosa tuya. Ve con todo y ap\u00fantate con tu email personal.&nbsp;<\/li><\/ul>\n<div style=\"text-align: left;\">&nbsp;<\/div>\n<p style=\"text-align: left;\">Y bueno si no es nada de esto, no te pongas nervioso, a m\u00ed tambi\u00e9n me ha pasado. \u00a1Espera unos minutos!<\/p>\n<p style=\"text-align: left;\">Y si no, escribe a 550@leopoldoalandete.com y te atender\u00e9 encantado.<\/p>\t\t\t\t\t\t\t\t<\/div>\n\t\t\t\t<\/div>\n\t\t\t\t<div class=\"elementor-element elementor-element-7b374d9 elementor-widget elementor-widget-text-editor\" data-id=\"7b374d9\" data-element_type=\"widget\" data-e-type=\"widget\" data-widget_type=\"text-editor.default\">\n\t\t\t\t<div class=\"elementor-widget-container\">\n\t\t\t\t\t\t\t\t\t<p style=\"text-align: center;\"><span style=\"color: #000000;\">\u24b8 2020 &#8211; Leopoldo Alandete<\/span><\/p><p style=\"text-align: center;\"><span style=\"color: #000000;\">&#8211; <a style=\"color: #000000;\" href=\"https:\/\/leopoldoalandete.com\/en\/proteccion-de-datos\/\">privacy Policy<\/a> &#8211; <a style=\"color: #000000;\" href=\"https:\/\/leopoldoalandete.com\/en\/cookies\/\">Cookies<\/a> &#8211;<\/span><\/p>\t\t\t\t\t\t\t\t<\/div>\n\t\t\t\t<\/div>\n\t\t\t\t\t<\/div>\n\t\t<\/div>\n\t\t\t\t\t<\/div>\n\t\t<\/section>\n\t\t\t\t<section class=\"elementor-section elementor-top-section elementor-element elementor-element-d31d0f8 elementor-section-full_width elementor-hidden-desktop elementor-hidden-tablet elementor-section-height-default elementor-section-height-default\" data-id=\"d31d0f8\" data-element_type=\"section\" data-e-type=\"section\">\n\t\t\t\t\t\t<div class=\"elementor-container elementor-column-gap-default\">\n\t\t\t\t\t<div class=\"elementor-column elementor-col-100 elementor-top-column elementor-element elementor-element-613611e\" data-id=\"613611e\" data-element_type=\"column\" data-e-type=\"column\">\n\t\t\t<div class=\"elementor-widget-wrap elementor-element-populated\">\n\t\t\t\t\t\t<div class=\"elementor-element elementor-element-f53385c elementor-widget elementor-widget-image\" data-id=\"f53385c\" data-element_type=\"widget\" data-e-type=\"widget\" data-widget_type=\"image.default\">\n\t\t\t\t<div class=\"elementor-widget-container\">\n\t\t\t\t\t\t\t\t\t\t\t\t\t\t\t<img data-opt-id=645216785  fetchpriority=\"high\" decoding=\"async\" width=\"800\" height=\"472\" src=\"https:\/\/mlughbexlpjs.i.optimole.com\/w:800\/h:472\/q:mauto\/f:best\/https:\/\/leopoldoalandete.com\/wp-content\/uploads\/2022\/06\/LA-LOGO-WHITE-copia.png\" class=\"attachment-large size-large wp-image-8602\" alt=\"\" srcset=\"https:\/\/mlughbexlpjs.i.optimole.com\/w:1830\/h:1080\/q:mauto\/f:best\/https:\/\/leopoldoalandete.com\/wp-content\/uploads\/2022\/06\/LA-LOGO-WHITE-copia.png 2000w, https:\/\/mlughbexlpjs.i.optimole.com\/w:300\/h:177\/q:mauto\/f:best\/https:\/\/leopoldoalandete.com\/wp-content\/uploads\/2022\/06\/LA-LOGO-WHITE-copia.png 300w, https:\/\/mlughbexlpjs.i.optimole.com\/w:1024\/h:604\/q:mauto\/f:best\/https:\/\/leopoldoalandete.com\/wp-content\/uploads\/2022\/06\/LA-LOGO-WHITE-copia.png 1024w, https:\/\/mlughbexlpjs.i.optimole.com\/w:768\/h:453\/q:mauto\/f:best\/https:\/\/leopoldoalandete.com\/wp-content\/uploads\/2022\/06\/LA-LOGO-WHITE-copia.png 768w, https:\/\/mlughbexlpjs.i.optimole.com\/w:1536\/h:906\/q:mauto\/f:best\/https:\/\/leopoldoalandete.com\/wp-content\/uploads\/2022\/06\/LA-LOGO-WHITE-copia.png 1536w, https:\/\/mlughbexlpjs.i.optimole.com\/w:600\/h:354\/q:mauto\/f:best\/https:\/\/leopoldoalandete.com\/wp-content\/uploads\/2022\/06\/LA-LOGO-WHITE-copia.png 600w\" sizes=\"(max-width: 800px) 100vw, 800px\" \/>\t\t\t\t\t\t\t\t\t\t\t\t\t\t\t<\/div>\n\t\t\t\t<\/div>\n\t\t\t\t\t<\/div>\n\t\t<\/div>\n\t\t\t\t\t<\/div>\n\t\t<\/section>\n\t\t\t\t<section class=\"elementor-section elementor-top-section elementor-element elementor-element-4c3d4a9 elementor-hidden-desktop elementor-hidden-tablet elementor-section-boxed elementor-section-height-default elementor-section-height-default\" data-id=\"4c3d4a9\" data-element_type=\"section\" data-e-type=\"section\">\n\t\t\t\t\t\t<div class=\"elementor-container elementor-column-gap-default\">\n\t\t\t\t\t<div class=\"elementor-column elementor-col-100 elementor-top-column elementor-element elementor-element-832d179\" data-id=\"832d179\" data-element_type=\"column\" data-e-type=\"column\">\n\t\t\t<div class=\"elementor-widget-wrap elementor-element-populated\">\n\t\t\t\t\t\t<div class=\"elementor-element elementor-element-ad81c65 elementor-widget elementor-widget-heading\" data-id=\"ad81c65\" data-element_type=\"widget\" data-e-type=\"widget\" data-widget_type=\"heading.default\">\n\t\t\t\t<div class=\"elementor-widget-container\">\n\t\t\t\t\t<h4 class=\"elementor-heading-title elementor-size-default\">CONFIRMA TU SUSCRIPCI\u00d3N<\/h4>\t\t\t\t<\/div>\n\t\t\t\t<\/div>\n\t\t\t\t<div class=\"elementor-element elementor-element-0fac86f elementor-widget-mobile__width-initial elementor-widget elementor-widget-text-editor\" data-id=\"0fac86f\" data-element_type=\"widget\" data-e-type=\"widget\" data-widget_type=\"text-editor.default\">\n\t\t\t\t<div class=\"elementor-widget-container\">\n\t\t\t\t\t\t\t\t\t<p style=\"text-align: left; padding-left: 40px;\">\u00a1Enhorabuena por suscribirte a mi lista de <strong>Crecimiento Exponencial de Directivos y Empresas !<\/strong><\/p><p style=\"text-align: left; padding-left: 40px;\"><strong>\u00a0<\/strong><\/p><p style=\"text-align: left; padding-left: 40px;\">Ya solo queda que confirmes que eres t\u00fa el que se ha apuntado y no tu perro por equivocaci\u00f3n.<\/p><p style=\"text-align: left; padding-left: 40px;\">En unos minutos<b> vas a recibir un mail<\/b> y simplemente tienes que pulsar el bot\u00f3n para confirmar.<\/p><h5 style=\"text-align: left; padding-left: 40px;\">\u00a0<\/h5><h4 style=\"text-align: left; padding-left: 40px;\">Si no recibes este correo\u2026<\/h4><ul><li style=\"list-style-type: none;\"><ul style=\"text-align: left;\"><li style=\"text-align: left;\">Revisa tu carpeta de <em>Spam<\/em>, <em>Social<\/em> y Promociones, si me encuentras ah\u00ed, no me pierdas y ll\u00e9vame a la bandeja de entrada.<\/li><\/ul><\/li><\/ul><div style=\"text-align: left; padding-left: 40px;\">\u00a0<\/div><ul><li style=\"list-style-type: none;\"><ul style=\"text-align: left;\"><li style=\"text-align: left;\">Vuelve a apuntarte y revisa tu direcci\u00f3n de email. Podr\u00edas haberlo escrito mal.\u00a0<span style=\"background-color: rgba(3, 2, 2, 0);\">Si, a veces pasa.<\/span><\/li><\/ul><\/li><\/ul><div style=\"text-align: left; padding-left: 40px;\">\u00a0<\/div><ul><li style=\"list-style-type: none;\"><ul style=\"text-align: left;\"><li>Si todav\u00eda no lo has recibido, gu\u00e1rdame en la agenda contactos de tu gestor de correo. Nombre: 550 Grados, email: 550@leopoldoalandete.com y espera unos minutos.<\/li><\/ul><\/li><\/ul><div style=\"text-align: left; padding-left: 40px;\">\u00a0<\/div><ul><li style=\"list-style-type: none;\"><ul style=\"text-align: left;\"><li>Si has usado el email corporativo, quiz\u00e1s es cosa tuya. Ve con todo y ap\u00fantate con tu email personal.\u00a0<\/li><\/ul><\/li><\/ul><div style=\"text-align: left; padding-left: 40px;\">\u00a0<\/div><p style=\"text-align: left; padding-left: 40px;\">Y bueno si no es nada de esto, no te pongas nervioso, a m\u00ed tambi\u00e9n me ha pasado. \u00a1Espera unos minutos!<\/p><p style=\"text-align: left; padding-left: 40px;\">Y si no, escribe a 550@leopoldoalandete.com y te atender\u00e9 encantado.<\/p>\t\t\t\t\t\t\t\t<\/div>\n\t\t\t\t<\/div>\n\t\t\t\t<div class=\"elementor-element elementor-element-e9cb13e elementor-widget elementor-widget-text-editor\" data-id=\"e9cb13e\" data-element_type=\"widget\" data-e-type=\"widget\" data-widget_type=\"text-editor.default\">\n\t\t\t\t<div class=\"elementor-widget-container\">\n\t\t\t\t\t\t\t\t\t<p style=\"text-align: center;\"><span style=\"color: #000000;\">\u24b8 2020 &#8211; Leopoldo Alandete<\/span><\/p><p style=\"text-align: center;\"><span style=\"color: #000000;\">&#8211; <a style=\"color: #000000;\" href=\"https:\/\/leopoldoalandete.com\/en\/proteccion-de-datos\/\">privacy Policy<\/a> &#8211; <a style=\"color: #000000;\" href=\"https:\/\/leopoldoalandete.com\/en\/cookies\/\">Cookies<\/a> &#8211;<\/span><\/p>\t\t\t\t\t\t\t\t<\/div>\n\t\t\t\t<\/div>\n\t\t\t\t\t<\/div>\n\t\t<\/div>\n\t\t\t\t\t<\/div>\n\t\t<\/section>\n\t\t\t\t<\/div>","protected":false},"excerpt":{"rendered":"<p>CONFIRMA TU SUSCRIPCI\u00d3N \u00a1Enhorabuena por suscribirte a mi lista de Crecimiento Exponencial de Directivos y Empresas ! &nbsp; Ya solo queda que confirmes que eres t\u00fa el que se ha apuntado y no tu perro por equivocaci\u00f3n. En unos minutos vas a recibir un mail y simplemente tienes que pulsar el bot\u00f3n para confirmar. &nbsp; [&hellip;]<\/p>\n","protected":false},"author":1,"featured_media":0,"parent":0,"menu_order":0,"comment_status":"closed","ping_status":"closed","template":"","meta":{"footnotes":""},"class_list":["post-8709","page","type-page","status-publish","hentry"],"_links":{"self":[{"href":"https:\/\/leopoldoalandete.com\/en\/wp-json\/wp\/v2\/pages\/8709","targetHints":{"allow":["GET"]}}],"collection":[{"href":"https:\/\/leopoldoalandete.com\/en\/wp-json\/wp\/v2\/pages"}],"about":[{"href":"https:\/\/leopoldoalandete.com\/en\/wp-json\/wp\/v2\/types\/page"}],"author":[{"embeddable":true,"href":"https:\/\/leopoldoalandete.com\/en\/wp-json\/wp\/v2\/users\/1"}],"replies":[{"embeddable":true,"href":"https:\/\/leopoldoalandete.com\/en\/wp-json\/wp\/v2\/comments?post=8709"}],"version-history":[{"count":75,"href":"https:\/\/leopoldoalandete.com\/en\/wp-json\/wp\/v2\/pages\/8709\/revisions"}],"predecessor-version":[{"id":10076,"href":"https:\/\/leopoldoalandete.com\/en\/wp-json\/wp\/v2\/pages\/8709\/revisions\/10076"}],"wp:attachment":[{"href":"https:\/\/leopoldoalandete.com\/en\/wp-json\/wp\/v2\/media?parent=8709"}],"curies":[{"name":"wp","href":"https:\/\/api.w.org\/{rel}","templated":true}]}}