{"id":8753,"date":"2022-11-17T23:48:56","date_gmt":"2022-11-17T23:48:56","guid":{"rendered":"https:\/\/leopoldoalandete.com\/?page_id=8753"},"modified":"2022-11-21T22:41:28","modified_gmt":"2022-11-21T22:41:28","slug":"confirmacion","status":"publish","type":"page","link":"https:\/\/leopoldoalandete.com\/en\/confirmacion\/","title":{"rendered":"confirmaci\u00f3n"},"content":{"rendered":"<div data-elementor-type=\"wp-page\" data-elementor-id=\"8753\" class=\"elementor elementor-8753\" data-elementor-post-type=\"page\">\n\t\t\t\t\t\t<section class=\"elementor-section elementor-top-section elementor-element elementor-element-8710153 elementor-section-full_width elementor-hidden-mobile elementor-section-height-default elementor-section-height-default\" data-id=\"8710153\" data-element_type=\"section\" data-e-type=\"section\" data-settings=\"{&quot;background_background&quot;:&quot;classic&quot;}\">\n\t\t\t\t\t\t<div class=\"elementor-container elementor-column-gap-default\">\n\t\t\t\t\t<div class=\"elementor-column elementor-col-100 elementor-top-column elementor-element elementor-element-5b76976\" data-id=\"5b76976\" data-element_type=\"column\" data-e-type=\"column\">\n\t\t\t<div class=\"elementor-widget-wrap elementor-element-populated\">\n\t\t\t\t\t\t<div class=\"elementor-element elementor-element-3f72f3f elementor-widget elementor-widget-heading\" data-id=\"3f72f3f\" data-element_type=\"widget\" data-e-type=\"widget\" data-widget_type=\"heading.default\">\n\t\t\t\t<div class=\"elementor-widget-container\">\n\t\t\t\t\t<h5 class=\"elementor-heading-title elementor-size-default\">LEOPOLDO ALANDETE<\/h5>\t\t\t\t<\/div>\n\t\t\t\t<\/div>\n\t\t\t\t<div class=\"elementor-element elementor-element-1551c74 elementor-widget elementor-widget-heading\" data-id=\"1551c74\" data-element_type=\"widget\" data-e-type=\"widget\" data-widget_type=\"heading.default\">\n\t\t\t\t<div class=\"elementor-widget-container\">\n\t\t\t\t\t<h4 class=\"elementor-heading-title elementor-size-default\">CONFIRMA TU SUSCRIPCI\u00d3N<\/h4>\t\t\t\t<\/div>\n\t\t\t\t<\/div>\n\t\t\t\t<div class=\"elementor-element elementor-element-fbe4bcb elementor-widget elementor-widget-text-editor\" data-id=\"fbe4bcb\" data-element_type=\"widget\" data-e-type=\"widget\" data-widget_type=\"text-editor.default\">\n\t\t\t\t<div class=\"elementor-widget-container\">\n\t\t\t\t\t\t\t\t\t<p>\u00a1Enhorabuena por suscribirte a mi lista de Crecimiento Exponencial de Directivos y Empresas!<br \/><br \/>Ya solo queda que confirmes que eres t\u00fa el que se ha apuntado y no tu perro por equivocaci\u00f3n.<\/p><p>En unos minutos vas a recibir un mail y simplemente tienes que pulsar el bot\u00f3n para confirmar.<br \/>Si no recibes este correo\u2026<br \/><br \/>&#8211; Revisa tu carpeta de Spam, Social y Promociones. Si me encuentras ah\u00ed, no me pierdas y ll\u00e9vame a la bandeja de entrada.<br \/><br \/>&#8211; Vuelve a apuntarte y revisa tu direcci\u00f3n de email.<br \/>Podr\u00edas haberlo escrito mal. Si, a veces pasa.<\/p><p>&#8211; Si todav\u00eda no lo has recibido, gu\u00e1rdame en la agenda contactos de tu gestor de correo. Nombre: 550 Grados, email: 550@leopoldoalandete.com y espera unos minutos.<br \/><br \/>&#8211; Si has usado el email corporativo quiz\u00e1s es cosa tuya. Ve con todo y ap\u00fantate con tu email personal.<\/p><p>Y bueno si no es nada de esto, no te pongas nervioso, a m\u00ed tambi\u00e9n me ha pasado. \u00a1Espera unos minutos!<br \/><br \/>Y si no, escribe a info@leopoldoalandete.com y te atender\u00e9 encantado.<\/p>\t\t\t\t\t\t\t\t<\/div>\n\t\t\t\t<\/div>\n\t\t\t\t\t<\/div>\n\t\t<\/div>\n\t\t\t\t\t<\/div>\n\t\t<\/section>\n\t\t\t\t<section class=\"elementor-section elementor-top-section elementor-element elementor-element-18f31b2 elementor-hidden-desktop elementor-hidden-tablet elementor-section-boxed elementor-section-height-default elementor-section-height-default\" data-id=\"18f31b2\" data-element_type=\"section\" data-e-type=\"section\">\n\t\t\t\t\t\t<div class=\"elementor-container elementor-column-gap-default\">\n\t\t\t\t\t<div class=\"elementor-column elementor-col-100 elementor-top-column elementor-element elementor-element-90c1429\" data-id=\"90c1429\" data-element_type=\"column\" data-e-type=\"column\">\n\t\t\t<div class=\"elementor-widget-wrap elementor-element-populated\">\n\t\t\t\t\t\t<div class=\"elementor-element elementor-element-edfc604 elementor-widget elementor-widget-heading\" data-id=\"edfc604\" data-element_type=\"widget\" data-e-type=\"widget\" data-widget_type=\"heading.default\">\n\t\t\t\t<div class=\"elementor-widget-container\">\n\t\t\t\t\t<h5 class=\"elementor-heading-title elementor-size-default\">LEOPOLDO ALANDETE<\/h5>\t\t\t\t<\/div>\n\t\t\t\t<\/div>\n\t\t\t\t\t<\/div>\n\t\t<\/div>\n\t\t\t\t\t<\/div>\n\t\t<\/section>\n\t\t\t\t<section class=\"elementor-section elementor-top-section elementor-element elementor-element-ea48914 elementor-hidden-desktop elementor-hidden-tablet elementor-section-boxed elementor-section-height-default elementor-section-height-default\" data-id=\"ea48914\" data-element_type=\"section\" data-e-type=\"section\">\n\t\t\t\t\t\t<div class=\"elementor-container elementor-column-gap-default\">\n\t\t\t\t\t<div class=\"elementor-column elementor-col-100 elementor-top-column elementor-element elementor-element-d817cef\" data-id=\"d817cef\" data-element_type=\"column\" data-e-type=\"column\">\n\t\t\t<div class=\"elementor-widget-wrap elementor-element-populated\">\n\t\t\t\t\t\t<div class=\"elementor-element elementor-element-0c8fcda elementor-widget elementor-widget-heading\" data-id=\"0c8fcda\" data-element_type=\"widget\" data-e-type=\"widget\" data-widget_type=\"heading.default\">\n\t\t\t\t<div class=\"elementor-widget-container\">\n\t\t\t\t\t<h4 class=\"elementor-heading-title elementor-size-default\">CONFIRMAR SUSCRIPCI\u00d3N<\/h4>\t\t\t\t<\/div>\n\t\t\t\t<\/div>\n\t\t\t\t\t<\/div>\n\t\t<\/div>\n\t\t\t\t\t<\/div>\n\t\t<\/section>\n\t\t\t\t<section class=\"elementor-section elementor-top-section elementor-element elementor-element-6513477 elementor-hidden-desktop elementor-hidden-tablet elementor-section-boxed elementor-section-height-default elementor-section-height-default\" data-id=\"6513477\" data-element_type=\"section\" data-e-type=\"section\">\n\t\t\t\t\t\t<div class=\"elementor-container elementor-column-gap-default\">\n\t\t\t\t\t<div class=\"elementor-column elementor-col-100 elementor-top-column elementor-element elementor-element-261c0b2\" data-id=\"261c0b2\" data-element_type=\"column\" data-e-type=\"column\">\n\t\t\t<div class=\"elementor-widget-wrap elementor-element-populated\">\n\t\t\t\t\t\t<div class=\"elementor-element elementor-element-512d55f elementor-widget elementor-widget-text-editor\" data-id=\"512d55f\" data-element_type=\"widget\" data-e-type=\"widget\" data-widget_type=\"text-editor.default\">\n\t\t\t\t<div class=\"elementor-widget-container\">\n\t\t\t\t\t\t\t\t\t<p>\u00a1Enhorabuena por suscribirte a mi lista de Crecimiento Exponencial de Directivos y Empresas!<br \/><br \/>Ya solo queda que confirmes que eres t\u00fa el que se ha apuntado y no tu perro por equivocaci\u00f3n.<\/p><p>En unos minutos vas a recibir un mail y simplemente tienes que pulsar el bot\u00f3n para confirmar.<br \/>Si no recibes este correo\u2026<br \/><br \/>&#8211; Revisa tu carpeta de Spam, Social y Promociones. Si me encuentras ah\u00ed, no me pierdas y ll\u00e9vame a la bandeja de entrada.<br \/><br \/>&#8211; Vuelve a apuntarte y revisa tu direcci\u00f3n de email.<br \/>Podr\u00edas haberlo escrito mal. Si, a veces pasa.<\/p><p>&#8211; Si todav\u00eda no lo has recibido, gu\u00e1rdame en la agenda contactos de tu gestor de correo. Nombre: 550 Grados, email: 550@leopoldoalandete.com y espera unos minutos.<br \/><br \/>&#8211; Si has usado el email corporativo quiz\u00e1s es cosa tuya. Ve con todo y ap\u00fantate con tu email personal.<\/p><p>Y bueno si no es nada de esto, no te pongas nervioso, a m\u00ed tambi\u00e9n me ha pasado. \u00a1Espera unos minutos!<br \/><br \/>Y si no, escribe a info@leopoldoalandete.com y te atender\u00e9 encantado.<\/p>\t\t\t\t\t\t\t\t<\/div>\n\t\t\t\t<\/div>\n\t\t\t\t\t<\/div>\n\t\t<\/div>\n\t\t\t\t\t<\/div>\n\t\t<\/section>\n\t\t\t\t<\/div>","protected":false},"excerpt":{"rendered":"<p>LEOPOLDO ALANDETE CONFIRMA TU SUSCRIPCI\u00d3N \u00a1Enhorabuena por suscribirte a mi lista de Crecimiento Exponencial de Directivos y Empresas! Ya solo queda que confirmes que eres t\u00fa el que se ha apuntado y no tu perro por equivocaci\u00f3n. En unos minutos vas a recibir un mail y simplemente tienes que pulsar el bot\u00f3n para confirmar.Si no [&hellip;]<\/p>\n","protected":false},"author":1,"featured_media":0,"parent":0,"menu_order":0,"comment_status":"closed","ping_status":"closed","template":"","meta":{"footnotes":""},"class_list":["post-8753","page","type-page","status-publish","hentry"],"_links":{"self":[{"href":"https:\/\/leopoldoalandete.com\/en\/wp-json\/wp\/v2\/pages\/8753","targetHints":{"allow":["GET"]}}],"collection":[{"href":"https:\/\/leopoldoalandete.com\/en\/wp-json\/wp\/v2\/pages"}],"about":[{"href":"https:\/\/leopoldoalandete.com\/en\/wp-json\/wp\/v2\/types\/page"}],"author":[{"embeddable":true,"href":"https:\/\/leopoldoalandete.com\/en\/wp-json\/wp\/v2\/users\/1"}],"replies":[{"embeddable":true,"href":"https:\/\/leopoldoalandete.com\/en\/wp-json\/wp\/v2\/comments?post=8753"}],"version-history":[{"count":16,"href":"https:\/\/leopoldoalandete.com\/en\/wp-json\/wp\/v2\/pages\/8753\/revisions"}],"predecessor-version":[{"id":8782,"href":"https:\/\/leopoldoalandete.com\/en\/wp-json\/wp\/v2\/pages\/8753\/revisions\/8782"}],"wp:attachment":[{"href":"https:\/\/leopoldoalandete.com\/en\/wp-json\/wp\/v2\/media?parent=8753"}],"curies":[{"name":"wp","href":"https:\/\/api.w.org\/{rel}","templated":true}]}}