{"id":2656,"date":"2020-05-01T11:03:07","date_gmt":"2020-05-01T11:03:07","guid":{"rendered":"https:\/\/leopoldoalandete.com\/?post_type=product&#038;p=2656"},"modified":"2021-02-09T18:43:38","modified_gmt":"2021-02-09T18:43:38","slug":"neuropresentaciones","status":"publish","type":"product","link":"https:\/\/leopoldoalandete.com\/en\/product\/neuropresentaciones\/","title":{"rendered":"Neuropresentaciones"},"content":{"rendered":"<h3><strong>TODO LO QUE NECESITAS PARA HABLAR EN P\u00daBLICO.<\/strong><\/h3>\n<p>Metodolog\u00eda probada y de aplicaci\u00f3n directa para realizar de forma profesional tus presentaciones. Desenvolverse bien en una presentaci\u00f3n ante un grupo de personas requiere el conocimiento y aplicaci\u00f3n de formas de expresi\u00f3n profesionales, tanto oral\u00a0como corporal. El curso se desarrolla de una forma pr\u00e1ctica con trucos y tips. El profesor con 30 a\u00f1os de experiencia, anima a los participantes a mejorar sus presentaciones y a actuar ante cualquier imprevisto que pueda darse en una presentaci\u00f3n.<\/p>\n<h3><strong>BENEFICIOS<\/strong><\/h3>\n<p>1. Aumentar tu capacidad de persuasi\u00f3n frente a una audiencia.<br \/>\n2. Vencer el miedo esc\u00e9nico.<br \/>\n3. Saber c\u00f3mo actuar ante imprevistos.<br \/>\n4. Hacer interesante el mensaje.<br \/>\n5. Mejorar tu imagen.<\/p>\n<h3>LEOPOLDO TE AYUDA<\/h3>\n<p>Leopoldo aplica lo que ense\u00f1a. Lleva 25 a\u00f1os ayudando ayudando a gestionar conflictos a miles de profesionales. Experto en habilidades directivas. Aprendiz empedernido. Creador de la metodolog\u00eda Smart Learning Experience, innovadora y disruptiva, que potencia los<br \/>\nresultados del aprendizaje mediante la implicaci\u00f3n emocional. Licenciado en Derecho y Ciencias Econ\u00f3micas y Empresariales ICADE E-3. IESE PDD. Harvard Business School Programa para Empresarios OPM. HEC Executive MBA (Centre de Perfectionnement Aux Affaires).Profesor en programas de posgrado en 15 Universidades y Business Schools, Asociaciones y Colegios Profesionales. ESIC, ICADE, EOI, Univ. Polit\u00e9cnica de Catalu\u00f1a, ENAE, Asociaci\u00f3n Profesional de ICADE, Colegio de Ingenieros de Caminos, Colegio de Ingenieros Industriales, Univ. de Chile, Univ Federico Santamar\u00eda, Univ. Adolfo Ib\u00e1\u00f1ez.<\/p>","protected":false},"excerpt":{"rendered":"<h3><strong>TODO LO QUE NECESITAS PARA HABLAR EN P\u00daBLICO.<\/strong><\/h3>\n<p>Metodolog\u00eda probada y de aplicaci\u00f3n directa para realizar de forma profesional tus presentaciones. Desenvolverse bien en una presentaci\u00f3n ante un grupo de personas requiere el conocimiento y aplicaci\u00f3n de formas de expresi\u00f3n profesionales, tanto oralcomo corporal. El curso se desarrolla de una forma pr\u00e1ctica con trucos y tips. El profesor con 30 a\u00f1os de experiencia, anima a los participantes a mejorar sus presentaciones y a actuar ante cualquier imprevisto que pueda darse en una presentaci\u00f3n.<\/p>\n<h3><strong>BENEFICIOS<\/strong><\/h3>\n<p>1. Aumentar tu capacidad de persuasi\u00f3n frente a una audiencia.<br \/>\n2. Vencer el miedo esc\u00e9nico.<br \/>\n3. Saber c\u00f3mo actuar ante imprevistos.<br \/>\n4. Hacer interesante el mensaje.<br \/>\n5. Mejorar tu imagen.<\/p>\n<h3><strong>INFORMACI\u00d3N DEL CURSO<\/strong><\/h3>\n<p><strong>\u00a0Preparaci\u00f3n de la presentaci\u00f3n.<\/strong><br \/>\n\u2022 Regla de oro ante el \u201cmiedo esc\u00e9nico\u201d y disminuci\u00f3n del nerviosismo.<br \/>\n\u2022 Funcionamiento del cerebro antes y durante la presentaci\u00f3n.<br \/>\n\u2022 Respiraci\u00f3n y visualizaci\u00f3n.<br \/>\n\u2022 Fijaci\u00f3n de un prop\u00f3sito.<br \/>\n\u2022 Naturalidad, sencillez y simpat\u00eda.<br \/>\n\u2022 Actitud y transmisi\u00f3n del mensaje.<br \/>\n\u2022 Adaptaci\u00f3n del contenido a la audiencia.<br \/>\n\u2022 Estructura del discurso.<br \/>\n\u2022 Uso del micr\u00f3fono y slides.<\/p>\n<p><strong>Inicio e impacto.<\/strong><br \/>\n\u2022 T\u00e9cnicas de inicio y cierre.<br \/>\n\u2022 Captar y mantener la atenci\u00f3n.<br \/>\n\u2022 Interactuar con la audiencia.<br \/>\n\u2022 T\u00e9cnicas para \u201cenganchar\u201d a la audiencia y generar \u201cintriga\u201d.<br \/>\n\u2022 Uso del lenguaje corporal (no verbal).<br \/>\n\u2022 Control de \u201cmuletillas\u201d\/repeticiones.<\/p>\n<p><strong>\u00a0Realizaci\u00f3n de la presentaci\u00f3n.<\/strong><br \/>\n\u2022 Tipos de audiencias y asistentes.<br \/>\n\u2022 Como hablar m\u00e1s despacio, hacer pausas y provocar silencios.<br \/>\n\u2022 Uso de la entonaci\u00f3n: transmitir emoci\u00f3n.<br \/>\n\u2022 Irradiar energ\u00eda positiva.<br \/>\n\u2022 Storytelling.<br \/>\n\u2022 Como responder a preguntas inesperadas.<br \/>\n\u2022 Como contar una realidad negativa de una forma positiva.<br \/>\n\u2022 Como reaccionar ante imprevistos y salir de situaciones inc\u00f3modas.<br \/>\n\u2022 Que hacer si no sabes la respuesta a una pregunta.<br \/>\n\u2022 Imprevistos que pueden surgir y como afrontarlos.<br \/>\n\u2022 Tips finales.<br \/>\n\u2022 T\u00e9cnicas de cierre.<\/p>\n<div>\n<div><strong>CONTENIDO<\/strong><\/div>\n<div><\/div>\n<div>1. Vencer el miedo esc\u00e9nico<\/div>\n<div>2. Visualizaci\u00f3n y actitud<\/div>\n<div>3. Captar y mantener la atenci\u00f3n: t\u00e9cnicas de impacto<\/div>\n<div>4. Preguntas e imprevistos<\/div>\n<div>5. Masterclass comunicaci\u00f3n e influencia con manuel romero<\/div>\n<div>6. Entrevista comunicaci\u00f3n e influencia Roly Navlet<\/div>\n<div>7. Entrevista a networking e influencia con Cipri Quintas<\/div>\n<div>8. Entrevista a convence y vencer\u00e1s con Antonio Fabregat<\/div>\n<\/div>","protected":false},"featured_media":7168,"comment_status":"open","ping_status":"closed","template":"","meta":[],"product_brand":[],"product_cat":[35],"product_tag":[],"class_list":{"0":"post-2656","1":"product","2":"type-product","3":"status-publish","4":"has-post-thumbnail","6":"product_cat-cursos","8":"first","9":"instock","10":"sale","11":"virtual","12":"taxable","13":"purchasable","14":"product-type-simple"},"_links":{"self":[{"href":"https:\/\/leopoldoalandete.com\/en\/wp-json\/wp\/v2\/product\/2656","targetHints":{"allow":["GET"]}}],"collection":[{"href":"https:\/\/leopoldoalandete.com\/en\/wp-json\/wp\/v2\/product"}],"about":[{"href":"https:\/\/leopoldoalandete.com\/en\/wp-json\/wp\/v2\/types\/product"}],"replies":[{"embeddable":true,"href":"https:\/\/leopoldoalandete.com\/en\/wp-json\/wp\/v2\/comments?post=2656"}],"version-history":[{"count":8,"href":"https:\/\/leopoldoalandete.com\/en\/wp-json\/wp\/v2\/product\/2656\/revisions"}],"predecessor-version":[{"id":7495,"href":"https:\/\/leopoldoalandete.com\/en\/wp-json\/wp\/v2\/product\/2656\/revisions\/7495"}],"wp:featuredmedia":[{"embeddable":true,"href":"https:\/\/leopoldoalandete.com\/en\/wp-json\/wp\/v2\/media\/7168"}],"wp:attachment":[{"href":"https:\/\/leopoldoalandete.com\/en\/wp-json\/wp\/v2\/media?parent=2656"}],"wp:term":[{"taxonomy":"product_brand","embeddable":true,"href":"https:\/\/leopoldoalandete.com\/en\/wp-json\/wp\/v2\/product_brand?post=2656"},{"taxonomy":"product_cat","embeddable":true,"href":"https:\/\/leopoldoalandete.com\/en\/wp-json\/wp\/v2\/product_cat?post=2656"},{"taxonomy":"product_tag","embeddable":true,"href":"https:\/\/leopoldoalandete.com\/en\/wp-json\/wp\/v2\/product_tag?post=2656"}],"curies":[{"name":"wp","href":"https:\/\/api.w.org\/{rel}","templated":true}]}}