{"id":2660,"date":"2020-05-01T11:10:19","date_gmt":"2020-05-01T11:10:19","guid":{"rendered":"https:\/\/leopoldoalandete.com\/?post_type=product&#038;p=2660"},"modified":"2023-01-11T01:44:22","modified_gmt":"2023-01-11T01:44:22","slug":"tempus-gestion-del-tiempo","status":"publish","type":"product","link":"https:\/\/leopoldoalandete.com\/en\/product\/tempus-gestion-del-tiempo\/","title":{"rendered":"TEMPUS: GESTI\u00d3N DEL TIEMPO"},"content":{"rendered":"<h3><span style=\"color: #86e897;\">TODO LO QUE NECESITAS PARA GESTIONAR EL TIEMPO.<\/span><\/h3>\n<p>Metodolog\u00eda probada y de aplicaci\u00f3n directa para gestionar proactivamente tu tiempo. T\u00fa activo m\u00e1s importante quiz\u00e1s sea el tiempo. \u00bfLo sabes usar eficientemente?, \u00bfCu\u00e1les son tus principales virtudes y fracasos al gestionar tu tiempo?.<\/p>\n<h3><span style=\"color: #86e897;\">BENEFICIOS<\/span><\/h3>\n<p>1. Aumentar tu efectividad y obtener un profundo nivel de autoconocimiento de tus<br \/>\nfortalezas y debilidades en la forma de auto &#8211; liderarte.<br \/>\n2. Lograr que lo importante y no lo urgente sea el eje de tu vida.<br \/>\n3. Definir tus valores, principios y cualidades para determinar tu visi\u00f3n, y as\u00ed, d\u00eda a d\u00eda actuar<br \/>\nen consecuencia con esta, a nivel profesional y personal.<br \/>\n4. Conocer y aplicar diversos modelos de priorizaci\u00f3n de actividades.<br \/>\n5. Aprender a construir objetivos concretos y guiar tu comportamiento para cumplirlos.<br \/>\n6. Aprender a planificar tus actividades eficientemente y optimizar tu productividad.<br \/>\n7. Aprender a delegar de manera eficiente, a decir NO y gestionar reuniones.<\/p>\n<h3><span style=\"color: #86e897;\">LEOPOLDO TE AYUDA<\/span><\/h3>\n<p>Leopoldo aplica lo que ense\u00f1a. Lleva 25 a\u00f1os ayudando a gestionar el tiempo a miles de profesionales. Experto en habilidades directivas. Aprendiz empedernido. Creador de la metodolog\u00eda Smart Learning Experience, innovadora y disruptiva, que potencia los<br \/>\nresultados del aprendizaje mediante la implicaci\u00f3n emocional. Licenciado en Derecho y Ciencias Econ\u00f3micas y Empresariales ICADE E-3. IESE PDD. Harvard Business School Programa para Empresarios OPM. HEC Executive MBA (Centre de Perfectionnement Aux Affaires).Profesor en programas de posgrado en 15 Universidades y Business Schools, Asociaciones y Colegios Profesionales. ESIC, ICADE, EOI, Univ. Polit\u00e9cnica de Catalu\u00f1a, ENAE, Asociaci\u00f3n Profesional de ICADE, Colegio de Ingenieros de Caminos, Colegio de<br \/>\nIngenieros Industriales, Univ. de Chile, Univ Federico Santamar\u00eda, Univ. Adolfo Ib\u00e1\u00f1ez.<\/p>","protected":false},"excerpt":{"rendered":"<h3><strong>TODO LO QUE NECESITAS PARA GESTIONAR EL TIEMPO.<\/strong><\/h3>\n<p>Metodolog\u00eda probada y de aplicaci\u00f3n directa para gestionar proactivamente tu tiempo. T\u00fa activo m\u00e1s importante quiz\u00e1s sea el tiempo. \u00bfLo sabes usar eficientemente?, \u00bfCu\u00e1les son tus principales virtudes y fracasos al gestionar tu tiempo?.<\/p>\n<h3><strong>BENEFICIOS<\/strong><\/h3>\n<p>1. Aumentar tu efectividad y obtener un profundo nivel de autoconocimiento de tus<br \/>\nfortalezas y debilidades en la forma de auto &#8211; liderarte.<br \/>\n2. Lograr que lo importante y no lo urgente sea el eje de tu vida.<br \/>\n3. Definir tus valores, principios y cualidades para determinar tu visi\u00f3n, y as\u00ed, d\u00eda a d\u00eda actuar<br \/>\nen consecuencia con esta, a nivel profesional y personal.<br \/>\n4. Conocer y aplicar diversos modelos de priorizaci\u00f3n de actividades.<br \/>\n5. Aprender a construir objetivos concretos y guiar tu comportamiento para cumplirlos.<br \/>\n6. Aprender a planificar tus actividades eficientemente y optimizar tu productividad.<br \/>\n7. Aprender a delegar de manera eficiente, a decir NO y gestionar reuniones.<\/p>\n<h3><strong>LEOPOLDO TE AYUDA<\/strong><\/h3>\n<p>Leopoldo aplica lo que ense\u00f1a. Lleva 25 a\u00f1os ayudando a gestionar el tiempo a miles de profesionales. Experto en habilidades directivas. Aprendiz empedernido. Creador de la metodolog\u00eda Smart Learning Experience, innovadora y disruptiva, que potencia los<br \/>\nresultados del aprendizaje mediante la implicaci\u00f3n emocional. Licenciado en Derecho y Ciencias Econ\u00f3micas y Empresariales ICADE E-3. IESE PDD. Harvard Business School Programa para Empresarios OPM. HEC Executive MBA (Centre de Perfectionnement Aux Affaires).Profesor en programas de posgrado en 15 Universidades y Business Schools, Asociaciones y Colegios Profesionales. ESIC, ICADE, EOI, Univ. Polit\u00e9cnica de Catalu\u00f1a, ENAE, Asociaci\u00f3n Profesional de ICADE, Colegio de Ingenieros de Caminos, Colegio de<br \/>\nIngenieros Industriales, Univ. de Chile, Univ Federico Santamar\u00eda, Univ. Adolfo Ib\u00e1\u00f1ez.<\/p>\n<h3>CONTENIDO<\/h3>\n<p>1. Actividades de al to y bajo rendimiento<\/p>\n<p>2. Lista, mails, escritorio y agenda<\/p>\n<p>3. M\u00f3vil, whatsapp y redes sociales<\/p>\n<p>4. Interrupciones, autointerrupciones y procastinaci\u00f3n<\/p>\n<p>5. Multitarea, perfeccionismo y otros errores<\/p>","protected":false},"featured_media":7154,"comment_status":"open","ping_status":"closed","template":"","meta":[],"product_brand":[],"product_cat":[35],"product_tag":[],"class_list":{"0":"post-2660","1":"product","2":"type-product","3":"status-publish","4":"has-post-thumbnail","6":"product_cat-cursos","8":"first","9":"instock","10":"virtual","11":"taxable","12":"purchasable","13":"product-type-simple"},"_links":{"self":[{"href":"https:\/\/leopoldoalandete.com\/en\/wp-json\/wp\/v2\/product\/2660","targetHints":{"allow":["GET"]}}],"collection":[{"href":"https:\/\/leopoldoalandete.com\/en\/wp-json\/wp\/v2\/product"}],"about":[{"href":"https:\/\/leopoldoalandete.com\/en\/wp-json\/wp\/v2\/types\/product"}],"replies":[{"embeddable":true,"href":"https:\/\/leopoldoalandete.com\/en\/wp-json\/wp\/v2\/comments?post=2660"}],"version-history":[{"count":6,"href":"https:\/\/leopoldoalandete.com\/en\/wp-json\/wp\/v2\/product\/2660\/revisions"}],"predecessor-version":[{"id":7268,"href":"https:\/\/leopoldoalandete.com\/en\/wp-json\/wp\/v2\/product\/2660\/revisions\/7268"}],"wp:featuredmedia":[{"embeddable":true,"href":"https:\/\/leopoldoalandete.com\/en\/wp-json\/wp\/v2\/media\/7154"}],"wp:attachment":[{"href":"https:\/\/leopoldoalandete.com\/en\/wp-json\/wp\/v2\/media?parent=2660"}],"wp:term":[{"taxonomy":"product_brand","embeddable":true,"href":"https:\/\/leopoldoalandete.com\/en\/wp-json\/wp\/v2\/product_brand?post=2660"},{"taxonomy":"product_cat","embeddable":true,"href":"https:\/\/leopoldoalandete.com\/en\/wp-json\/wp\/v2\/product_cat?post=2660"},{"taxonomy":"product_tag","embeddable":true,"href":"https:\/\/leopoldoalandete.com\/en\/wp-json\/wp\/v2\/product_tag?post=2660"}],"curies":[{"name":"wp","href":"https:\/\/api.w.org\/{rel}","templated":true}]}}