{"id":2662,"date":"2020-05-01T11:13:41","date_gmt":"2020-05-01T11:13:41","guid":{"rendered":"https:\/\/leopoldoalandete.com\/?post_type=product&#038;p=2662"},"modified":"2021-01-31T17:18:51","modified_gmt":"2021-01-31T17:18:51","slug":"krisis-gestion-y-comunicacion-de-crisis","status":"publish","type":"product","link":"https:\/\/leopoldoalandete.com\/en\/product\/krisis-gestion-y-comunicacion-de-crisis\/","title":{"rendered":"Krisis. Gesti\u00f3n y comunicaci\u00f3n de crisis."},"content":{"rendered":"<h3><span style=\"color: #86e897;\">TODO LO QUE NECESITAS PARA GESTIONAR UNA CRISIS. <\/span><\/h3>\n<p>Metodolog\u00eda probada y de aplicaci\u00f3n directa para mejorar la gesti\u00f3n de crisis. El impacto de las crisis por circunstancias econ\u00f3micas, clim\u00e1ticas, terroristas o epid\u00e9micas, entre otras, puede ser enorme. Nos encontramos en un momento de cambio en la frecuencia, magnitud y duraci\u00f3n de las crisis.<br \/>\nEl programa da herramientas para mejorar el enfoque y la gesti\u00f3n de las crisis por parte de las empresas. Desde un punto de vista muy pr\u00e1ctico se trabaja en aspectos claves de las crisis.<\/p>\n<h3><span style=\"color: #86e897;\">BENEFICIOS<\/span><\/h3>\n<p>1. Trabajar herramientas para mejorar la gesti\u00f3n de crisis.<br \/>\n2. Mejorar la reputaci\u00f3n.<br \/>\n3. Aprender lecciones de crisis pasadas.<br \/>\n4. Mejorar la percepci\u00f3n de los niveles de empat\u00eda por los afectados.<br \/>\n5. Mejorar la gesti\u00f3n de la comunicaci\u00f3n en situaciones de crisis.<br \/>\n6. Trabajar la elaboraci\u00f3n de planes de acci\u00f3n.<br \/>\n7. Analizar posibles estrategias.<\/p>\n<h3><span style=\"color: #86e897;\">LEOPOLDO TE AYUDA<\/span><\/h3>\n<p>Leopoldo aplica lo que ense\u00f1a. Lleva 25 a\u00f1os ayudando a gestionar las crisis a cientos de profesionales. Experto en habilidades directivas. Aprendiz empedernido. Creador de la metodolog\u00eda Smart Learning Experience, innovadora y disruptiva, que potencia los resultados del aprendizaje mediante la implicaci\u00f3n emocional. Licenciado en Derecho y Ciencias Econ\u00f3micas y Empresariales ICADE E-3. IESE PDD. Harvard Business School Programa para Empresarios OPM. HEC Executive MBA (Centre de Perfectionnement Aux Affaires).Profesor en programas de posgrado en 15 Universidades y Business Schools, Asociaciones y Colegios Profesionales. ESIC, ICADE, EOI, Univ. Polit\u00e9cnica de Catalu\u00f1a, ENAE, Asociaci\u00f3n Profesional de ICADE, Colegio de Ingenieros de Caminos, Colegio de Ingenieros Industriales, Univ. de Chile, Univ Federico Santamar\u00eda, Univ. Adolfo Ib\u00e1\u00f1ez.<\/p>","protected":false},"excerpt":{"rendered":"<h3><span style=\"color: #86e897;\">CONTENIDO<\/span><\/h3>\n<p><strong>1. Importancia de gestionar las crisis<\/strong><br \/>\n1. Importancia de gestionar las crisis.<br \/>\n2. La gesti\u00f3n de crisis como desaf\u00edo para mejorar reputaci\u00f3n y satisfacci\u00f3n.<br \/>\n3. El entorno y el an\u00e1lisis de riesgos.<br \/>\n4. Principios b\u00e1sicos en la gesti\u00f3n de crisis: 10 claves para actuar.<br \/>\n5. Best practices : Europa y USA.<\/p>\n<p><strong>2. Metodolog\u00eda de gesti\u00f3n de crisis.<\/strong><br \/>\n1. Desarrollo de una estrategia y planificaci\u00f3n de contingencias.<br \/>\n2. Alcance de los efectos de una crisis.<br \/>\n3. Preparaci\u00f3n: marketing preventivo, precrisis y acciones preventivas.<br \/>\n4. Como enfrentar una crisis: \u00bfqu\u00e9 hacer y que no hacer?.<br \/>\n5. Acciones de comunicaci\u00f3n corporativas.<br \/>\n6. Aspectos emocionales y estados an\u00edmicos.<br \/>\n7. Recomponer reputaci\u00f3n e imagen corporativa.<br \/>\n8. Gesti\u00f3n de la confianza, claridad y transparencia.<\/p>\n<p><strong>3.Comunicaci\u00f3n y emociones en la gesti\u00f3n de crisis.<\/strong><br \/>\n1. Comunicaci\u00f3n corporativa y comunicaci\u00f3n en situaciones de crisis.<br \/>\n2. T\u00e9cnicas de control emocional y relajaci\u00f3n en situaciones de crisis.<br \/>\n3. Ventajas e inconvenientes de la comunicaci\u00f3n.<br \/>\n4. Metodolog\u00eda de comunicaci\u00f3n interna y externa.<br \/>\n5. Gabinete de prensa, portavoz y plan de comunicaci\u00f3n.<br \/>\n6. Clases de fuentes de comunicaci\u00f3n.<br \/>\n7. Preparar y realizaci\u00f3n de la presentaci\u00f3n.<br \/>\n8. Preparaci\u00f3n de preguntas y respuesta a preguntas dif\u00edciles.<br \/>\n9. Lenguaje corporal.<br \/>\n10. Casos pr\u00e1cticos.<\/p>","protected":false},"featured_media":2586,"comment_status":"open","ping_status":"closed","template":"","meta":[],"product_brand":[],"product_cat":[35],"product_tag":[],"class_list":{"0":"post-2662","1":"product","2":"type-product","3":"status-publish","4":"has-post-thumbnail","6":"product_cat-cursos","8":"first","9":"instock","10":"sale","11":"virtual","12":"taxable","13":"purchasable","14":"product-type-simple"},"_links":{"self":[{"href":"https:\/\/leopoldoalandete.com\/en\/wp-json\/wp\/v2\/product\/2662","targetHints":{"allow":["GET"]}}],"collection":[{"href":"https:\/\/leopoldoalandete.com\/en\/wp-json\/wp\/v2\/product"}],"about":[{"href":"https:\/\/leopoldoalandete.com\/en\/wp-json\/wp\/v2\/types\/product"}],"replies":[{"embeddable":true,"href":"https:\/\/leopoldoalandete.com\/en\/wp-json\/wp\/v2\/comments?post=2662"}],"version-history":[{"count":2,"href":"https:\/\/leopoldoalandete.com\/en\/wp-json\/wp\/v2\/product\/2662\/revisions"}],"predecessor-version":[{"id":2700,"href":"https:\/\/leopoldoalandete.com\/en\/wp-json\/wp\/v2\/product\/2662\/revisions\/2700"}],"wp:featuredmedia":[{"embeddable":true,"href":"https:\/\/leopoldoalandete.com\/en\/wp-json\/wp\/v2\/media\/2586"}],"wp:attachment":[{"href":"https:\/\/leopoldoalandete.com\/en\/wp-json\/wp\/v2\/media?parent=2662"}],"wp:term":[{"taxonomy":"product_brand","embeddable":true,"href":"https:\/\/leopoldoalandete.com\/en\/wp-json\/wp\/v2\/product_brand?post=2662"},{"taxonomy":"product_cat","embeddable":true,"href":"https:\/\/leopoldoalandete.com\/en\/wp-json\/wp\/v2\/product_cat?post=2662"},{"taxonomy":"product_tag","embeddable":true,"href":"https:\/\/leopoldoalandete.com\/en\/wp-json\/wp\/v2\/product_tag?post=2662"}],"curies":[{"name":"wp","href":"https:\/\/api.w.org\/{rel}","templated":true}]}}