{"id":7132,"date":"2021-02-01T17:29:22","date_gmt":"2021-02-01T17:29:22","guid":{"rendered":"https:\/\/leopoldoalandete.com\/?post_type=product&#038;p=7132"},"modified":"2021-02-09T18:32:41","modified_gmt":"2021-02-09T18:32:41","slug":"liderate","status":"publish","type":"product","link":"https:\/\/leopoldoalandete.com\/en\/product\/liderate\/","title":{"rendered":"LID\u00c9RATE"},"content":{"rendered":"<p><img \/><img \/><\/p>\n<p><img \/><img \/><img \/><\/p>\n<p><img \/><\/p>","protected":false},"excerpt":{"rendered":"<p><b>TODO LO QUE NECESITAS PARA LIDERARTE Y CONFIAR EN T\u00cd<\/b><\/p>\n<p>Metodolog\u00eda probada y pr\u00e1ctica, explicada de forma sencilla para liderarte en entornos inciertos, cambiantes y vol\u00e1tiles. La confianza, desde la humildad es un requisito necesario para tener \u00e9xito. La realidad la creas t\u00fa en base a tus percepciones. Puedes conseguir mucho m\u00e1s en tu vida, mucho m\u00e1s.<span class=\"Apple-converted-space\">\u00a0<\/span><\/p>\n<p>Trabajamos desde la neurociencia herramientas y recursos internos que te ayudan a transformarte para el \u00e9xito.<\/p>\n<p><b>BENEFICIOS.<\/b><\/p>\n<p>1. Ser el protagonista de tu vida, no un mero espectador<\/p>\n<p>2. Saber observarte,:observar tu lenguaje, cuerpo y emoci\u00f3n<\/p>\n<p>3. Mejorar los niveles de confianza en t\u00ed mismo que tienes.<\/p>\n<p>4. Entender y vencer tus miedos e inseguridades<\/p>\n<p><b>LEOPOLDO TE AYUDA.<\/b><\/p>\n<p>Leopoldo aplica lo que ense\u00f1a. Empez\u00f3 a interesarse por el cerebro y el desarrollo personal a los 14 a\u00f1os, con 20 a\u00f1os empieza a formarse en t\u00e9cnicas de desarrollo de las capacidades mentales y visualizaci\u00f3n de Silva Mind Control. 30 a\u00f1os de experiencia en desarrollo personal. M\u00e1s de 12.000 alumnos. Ha trabajado en 7 pa\u00edses y es profesor de posgrado en 15<span class=\"Apple-converted-space\">\u00a0 <\/span>Universidades y Business Schools, entre otras ESIC, ICADE, EOI, Univ. Polit\u00e9cnica de Catalu\u00f1a, ENAE, Asociaci\u00f3n Profesional de ICADE, Colegio de Ingenieros de Caminos, Colegio de Ingenieros Industriales, Univ. de Chile, Univ Federico Santamar\u00eda, Univ. Adolfo Ib\u00e1\u00f1ez.Experto en t\u00e9cnicas de relajaci\u00f3n, respiraci\u00f3n y visualizaci\u00f3n. Aprendiz empedernido de neurociencia. Creador de la metodolog\u00eda Smart Learning Experience, innovadora y disruptiva, que potencia tus resultados del aprendizaje mediante la implicaci\u00f3n emocional.<\/p>\n<p><b>APRENDER\u00c1S A:<\/b><\/p>\n<p>1. Establecer di\u00e1logos internos positivos<\/p>\n<p>2. Vencer tus inseguridades y miedos<\/p>\n<p>3. Establecer una autoimagen y un autoconcepto m\u00e1s positivos<\/p>\n<p>4. Ser tu primer \u201cfan \u201c<\/p>\n<p>5. Perdonarte<\/p>\n<p><b>CONTENIDO<\/b><\/p>\n<p><span class=\"Apple-converted-space\">\u00a0<\/span>1. Autoliderazgo<\/p>\n<p>2. Elementos que constituyen a un observador<\/p>\n<p>3. Observa tu emoci\u00f3n.<\/p>\n<p>4. Entrevista conf\u00eda en t\u00ed con Jose Mar\u00eda Gasalla<\/p>\n<p>5.Entrevista s\u00e9 el director general de tu vida con Esther Bauset<\/p>\n<p>&nbsp;<\/p>","protected":false},"featured_media":7145,"comment_status":"open","ping_status":"closed","template":"","meta":[],"product_brand":[],"product_cat":[35],"product_tag":[],"class_list":{"0":"post-7132","1":"product","2":"type-product","3":"status-publish","4":"has-post-thumbnail","6":"product_cat-cursos","8":"first","9":"instock","10":"sale","11":"virtual","12":"taxable","13":"purchasable","14":"product-type-simple"},"_links":{"self":[{"href":"https:\/\/leopoldoalandete.com\/en\/wp-json\/wp\/v2\/product\/7132","targetHints":{"allow":["GET"]}}],"collection":[{"href":"https:\/\/leopoldoalandete.com\/en\/wp-json\/wp\/v2\/product"}],"about":[{"href":"https:\/\/leopoldoalandete.com\/en\/wp-json\/wp\/v2\/types\/product"}],"replies":[{"embeddable":true,"href":"https:\/\/leopoldoalandete.com\/en\/wp-json\/wp\/v2\/comments?post=7132"}],"version-history":[{"count":7,"href":"https:\/\/leopoldoalandete.com\/en\/wp-json\/wp\/v2\/product\/7132\/revisions"}],"predecessor-version":[{"id":7492,"href":"https:\/\/leopoldoalandete.com\/en\/wp-json\/wp\/v2\/product\/7132\/revisions\/7492"}],"wp:featuredmedia":[{"embeddable":true,"href":"https:\/\/leopoldoalandete.com\/en\/wp-json\/wp\/v2\/media\/7145"}],"wp:attachment":[{"href":"https:\/\/leopoldoalandete.com\/en\/wp-json\/wp\/v2\/media?parent=7132"}],"wp:term":[{"taxonomy":"product_brand","embeddable":true,"href":"https:\/\/leopoldoalandete.com\/en\/wp-json\/wp\/v2\/product_brand?post=7132"},{"taxonomy":"product_cat","embeddable":true,"href":"https:\/\/leopoldoalandete.com\/en\/wp-json\/wp\/v2\/product_cat?post=7132"},{"taxonomy":"product_tag","embeddable":true,"href":"https:\/\/leopoldoalandete.com\/en\/wp-json\/wp\/v2\/product_tag?post=7132"}],"curies":[{"name":"wp","href":"https:\/\/api.w.org\/{rel}","templated":true}]}}