{"id":7169,"date":"2021-02-01T21:36:32","date_gmt":"2021-02-01T21:36:32","guid":{"rendered":"https:\/\/leopoldoalandete.com\/?post_type=product&#038;p=7169"},"modified":"2023-01-11T01:41:24","modified_gmt":"2023-01-11T01:41:24","slug":"entrenamiento-mental","status":"publish","type":"product","link":"https:\/\/leopoldoalandete.com\/en\/product\/entrenamiento-mental\/","title":{"rendered":"ENTRENAMIENTO MENTAL"},"content":{"rendered":"","protected":false},"excerpt":{"rendered":"<p><b>TODO LO QUE NECESITAS PARA EMPEZAR A ENTRENAR TU MENTE.<\/b><\/p>\n<p>Einstein dec\u00eda que hay algo m\u00e1s importante que la l\u00f3gica, la imaginaci\u00f3n. Tu mente es como un paracaidas, solo es \u00fatil si la abres. Si cambias tu mente cambias tu vida. El cerebro hay que entrenarlo.\u00bfCuanto tiempo dedicas a entrenar tu cerebro?, \u00bfc\u00f3mo lo haces?, \u00bfque metodolog\u00eda usas?<\/p>\n<p>El juego de tu vida comienza en tu mente. El entrenamiento mental es el camino directo para alcanzar todo tu potencial. Aprende a hacer del lado mental de tu vida una prioridad y estar\u00e1s m\u00e1s cerca de conseguir tus desaf\u00edos<\/p>\n<p><b>BENEFICIOS.<\/b><\/p>\n<ol>\n<li>Desarrollar tus capacidades mentales<\/li>\n<li>Crear una nueva realidad usando tu imaginaci\u00f3n<\/li>\n<li>Saber que en momentos de crisis la imaginaci\u00f3n es m\u00e1s importante que el conocimiento<\/li>\n<li>Saber como dejar de pensar y empezar a fluir<\/li>\n<\/ol>\n<p><b>LEOPOLDO TE AYUDA.<\/b><\/p>\n<p>Leopoldo aplica lo que ense\u00f1a. Empez\u00f3 a interesarse por el cerebro y el desarrollo personal a los 14 a\u00f1os, con 20 a\u00f1os empieza a formarse en t\u00e9cnicas de desarrollo de las capacidades mentales y visualizaci\u00f3n de Silva Mind Control. 30 a\u00f1os de experiencia en desarrollo personal. M\u00e1s de 12.000 alumnos. Ha trabajado en 7 pa\u00edses y es profesor de posgrado en 15<span class=\"Apple-converted-space\">\u00a0 <\/span>Universidades y Business Schools, entre otras ESIC, ICADE, EOI, Univ. Polit\u00e9cnica de Catalu\u00f1a, ENAE, Asociaci\u00f3n Profesional de ICADE, Colegio de Ingenieros de Caminos, Colegio de Ingenieros Industriales, Univ. de Chile, Univ Federico Santamar\u00eda, Univ. Adolfo Ib\u00e1\u00f1ez.Experto en t\u00e9cnicas de relajaci\u00f3n, respiraci\u00f3n y visualizaci\u00f3n. Aprendiz empedernido de neurociencia. Creador de la metodolog\u00eda Smart Learning Experience, innovadora y disruptiva, que potencia tus resultados del aprendizaje mediante la implicaci\u00f3n emocional.<\/p>\n<p><b>APRENDER\u00c1S A:<span class=\"Apple-converted-space\">\u00a0<\/span><\/b><\/p>\n<ol>\n<li>Aprovechar mejor tu mente<\/li>\n<li>Ver m\u00e1s all\u00e1 de la limitada raz\u00f3n<\/li>\n<li>Conocer lo que la neurociencia nos ense\u00f1a<\/li>\n<li>Cambiar tus creencias limitantes<\/li>\n<\/ol>\n<p><b>CONTENIDO.<\/b><\/p>\n<p>1. Entrenamiento mental<\/p>\n<p>2. La imaginaci\u00f3n herramienta crucial<\/p>\n<p>3. El error de Descartes y lo que ha venido despu\u00e9s<\/p>\n<p>4. Si cambias tu mente cambias tu vida<\/p>\n<p>5. Peak Performance<\/p>\n<p>6. Entrevista fortaleza mental con Javier Sim\u00f3.<\/p>","protected":false},"featured_media":7174,"comment_status":"open","ping_status":"closed","template":"","meta":[],"product_brand":[],"product_cat":[19],"product_tag":[],"class_list":{"0":"post-7169","1":"product","2":"type-product","3":"status-publish","4":"has-post-thumbnail","6":"product_cat-sin-categorizar","8":"first","9":"instock","10":"virtual","11":"taxable","12":"purchasable","13":"product-type-simple"},"_links":{"self":[{"href":"https:\/\/leopoldoalandete.com\/en\/wp-json\/wp\/v2\/product\/7169","targetHints":{"allow":["GET"]}}],"collection":[{"href":"https:\/\/leopoldoalandete.com\/en\/wp-json\/wp\/v2\/product"}],"about":[{"href":"https:\/\/leopoldoalandete.com\/en\/wp-json\/wp\/v2\/types\/product"}],"replies":[{"embeddable":true,"href":"https:\/\/leopoldoalandete.com\/en\/wp-json\/wp\/v2\/comments?post=7169"}],"version-history":[{"count":3,"href":"https:\/\/leopoldoalandete.com\/en\/wp-json\/wp\/v2\/product\/7169\/revisions"}],"predecessor-version":[{"id":7489,"href":"https:\/\/leopoldoalandete.com\/en\/wp-json\/wp\/v2\/product\/7169\/revisions\/7489"}],"wp:featuredmedia":[{"embeddable":true,"href":"https:\/\/leopoldoalandete.com\/en\/wp-json\/wp\/v2\/media\/7174"}],"wp:attachment":[{"href":"https:\/\/leopoldoalandete.com\/en\/wp-json\/wp\/v2\/media?parent=7169"}],"wp:term":[{"taxonomy":"product_brand","embeddable":true,"href":"https:\/\/leopoldoalandete.com\/en\/wp-json\/wp\/v2\/product_brand?post=7169"},{"taxonomy":"product_cat","embeddable":true,"href":"https:\/\/leopoldoalandete.com\/en\/wp-json\/wp\/v2\/product_cat?post=7169"},{"taxonomy":"product_tag","embeddable":true,"href":"https:\/\/leopoldoalandete.com\/en\/wp-json\/wp\/v2\/product_tag?post=7169"}],"curies":[{"name":"wp","href":"https:\/\/api.w.org\/{rel}","templated":true}]}}