{"id":9963,"date":"2023-01-17T09:07:38","date_gmt":"2023-01-17T09:07:38","guid":{"rendered":"https:\/\/leopoldoalandete.com\/?post_type=product&#038;p=9963"},"modified":"2023-01-18T19:51:06","modified_gmt":"2023-01-18T19:51:06","slug":"actitud-y-mindset","status":"publish","type":"product","link":"https:\/\/leopoldoalandete.com\/en\/product\/actitud-y-mindset\/","title":{"rendered":"ACTITUD Y MINDSET"},"content":{"rendered":"","protected":false},"excerpt":{"rendered":"<p><b>TODO LO QUE NECESITAS PARA CAMBIAR MINDSET Y<span class=\"Apple-converted-space\">\u00a0 <\/span>ACTITUD.<\/b><\/p>\n<p>Tu mentalidad es tu m\u00e1ximo aliado o tu m\u00e1ximo enemigo, te hace avanzar o te lo impide. Es tu conjunto de pensamientos y creencias que determinan como ves la realidad, piensas y act\u00faas. Tu actitud es como te posicionas frente a un evento o circunstancia en tu vida, determina como te sientes, piensas y act\u00faas. La vida es un 10%<span class=\"Apple-converted-space\">\u00a0 <\/span>lo que te<span class=\"Apple-converted-space\">\u00a0 <\/span>ocurre en tu vida y el 90% ,es lo que haces con lo que te ocurre en tu vida. Tiene un impacto directo en tu vida, puede ser reactiva, centr\u00e1ndote s\u00f3lo en tu circulo de preocupaciones o proactiva, centr\u00e1ndote en tu circulo de influencia.<\/p>\n<p><b>BENEFICIOS.<\/b><\/p>\n<p>1.Conocer la importancia del mindset y como trabajarlo en la direcci\u00f3n correcta<\/p>\n<p>2.Venderle ideas buenas a tu cerebro<\/p>\n<p>3.Aprender a tener una actitud proactiva<\/p>\n<p>4.Crear un futuro ilusionante que te aporte energ\u00eda<\/p>\n<p><b>LEOPOLDO TE AYUDA.<\/b><\/p>\n<p>Leopoldo aplica lo que ense\u00f1a. Empez\u00f3 a interesarse por el cerebro y el desarrollo personal a los 14 a\u00f1os, con 20 a\u00f1os empieza a formarse en t\u00e9cnicas de desarrollo de las capacidades mentales y visualizaci\u00f3n de Silva Mind Control. 30 a\u00f1os de experiencia en desarrollo personal. M\u00e1s de 12.000 alumnos. Ha trabajado en 7 pa\u00edses y es profesor de posgrado en 15<span class=\"Apple-converted-space\">\u00a0 <\/span>Universidades y Business Schools, entre otras ESIC, ICADE, EOI, Univ. Polit\u00e9cnica de Catalu\u00f1a, ENAE, Asociaci\u00f3n Profesional de ICADE, Colegio de Ingenieros de Caminos, Colegio de Ingenieros Industriales, Univ. de Chile, Univ Federico Santamar\u00eda, Univ. Adolfo Ib\u00e1\u00f1ez.Experto en t\u00e9cnicas de relajaci\u00f3n, respiraci\u00f3n y visualizaci\u00f3n. Aprendiz empedernido de neurociencia. Creador de la metodolog\u00eda Smart Learning Experience, innovadora y disruptiva, que potencia tus resultados del aprendizaje mediante la implicaci\u00f3n emocional.<\/p>\n<p><b>APRENDER\u00c1S A: <\/b><\/p>\n<ol>\n<li>Entender como funciona tu mindset y lo importante que es<\/li>\n<li>Tener herramientas para cambiar tu mindset<\/li>\n<li>Centrarte en tu circulo de influencia, no en tu circulo de preocupaciones<\/li>\n<li>Ser consciente de que donde pones tu atenci\u00f3n construyes tu futuro y tu realidad<\/li>\n<li>Conocer y trabajar el optimismo inteligente<\/li>\n<li>Generar autoinstrucciones positivas<\/li>\n<\/ol>\n<p><b>CONTENIDO.<\/b><\/p>\n<p>1. Cambio de mindset<\/p>\n<p>2. Cambio de actitud<\/p>\n<p>3. Pensamiento positivo<\/p>","protected":false},"featured_media":7147,"comment_status":"open","ping_status":"closed","template":"","meta":[],"product_brand":[],"product_cat":[19],"product_tag":[],"class_list":{"0":"post-9963","1":"product","2":"type-product","3":"status-publish","4":"has-post-thumbnail","6":"product_cat-sin-categorizar","8":"first","9":"instock","10":"taxable","11":"shipping-taxable","12":"purchasable","13":"product-type-simple"},"_links":{"self":[{"href":"https:\/\/leopoldoalandete.com\/en\/wp-json\/wp\/v2\/product\/9963","targetHints":{"allow":["GET"]}}],"collection":[{"href":"https:\/\/leopoldoalandete.com\/en\/wp-json\/wp\/v2\/product"}],"about":[{"href":"https:\/\/leopoldoalandete.com\/en\/wp-json\/wp\/v2\/types\/product"}],"replies":[{"embeddable":true,"href":"https:\/\/leopoldoalandete.com\/en\/wp-json\/wp\/v2\/comments?post=9963"}],"version-history":[{"count":4,"href":"https:\/\/leopoldoalandete.com\/en\/wp-json\/wp\/v2\/product\/9963\/revisions"}],"predecessor-version":[{"id":9970,"href":"https:\/\/leopoldoalandete.com\/en\/wp-json\/wp\/v2\/product\/9963\/revisions\/9970"}],"wp:featuredmedia":[{"embeddable":true,"href":"https:\/\/leopoldoalandete.com\/en\/wp-json\/wp\/v2\/media\/7147"}],"wp:attachment":[{"href":"https:\/\/leopoldoalandete.com\/en\/wp-json\/wp\/v2\/media?parent=9963"}],"wp:term":[{"taxonomy":"product_brand","embeddable":true,"href":"https:\/\/leopoldoalandete.com\/en\/wp-json\/wp\/v2\/product_brand?post=9963"},{"taxonomy":"product_cat","embeddable":true,"href":"https:\/\/leopoldoalandete.com\/en\/wp-json\/wp\/v2\/product_cat?post=9963"},{"taxonomy":"product_tag","embeddable":true,"href":"https:\/\/leopoldoalandete.com\/en\/wp-json\/wp\/v2\/product_tag?post=9963"}],"curies":[{"name":"wp","href":"https:\/\/api.w.org\/{rel}","templated":true}]}}